{"id":317,"date":"2024-02-14T19:26:30","date_gmt":"2024-02-14T18:26:30","guid":{"rendered":"https:\/\/cinevision-media.eu\/?page_id=317"},"modified":"2025-03-30T10:00:30","modified_gmt":"2025-03-30T08:00:30","slug":"grigorenko","status":"publish","type":"page","link":"https:\/\/cinevision-media.eu\/ru\/grigorenko\/","title":{"rendered":"Grigorenko"},"content":{"rendered":"\t\t<div data-elementor-type=\"wp-page\" data-elementor-id=\"317\" class=\"elementor elementor-317\">\n\t\t\t\t<div class=\"elementor-element elementor-element-effd7b4 e-flex e-con-boxed e-con e-parent\" data-id=\"effd7b4\" data-element_type=\"container\" data-e-type=\"container\">\n\t\t\t\t\t<div class=\"e-con-inner\">\n\t\t\t\t<div class=\"elementor-element elementor-element-3ef30e1 elementor-widget elementor-widget-video\" data-id=\"3ef30e1\" data-element_type=\"widget\" data-e-type=\"widget\" data-settings=\"{&quot;video_type&quot;:&quot;hosted&quot;,&quot;autoplay&quot;:&quot;yes&quot;,&quot;play_on_mobile&quot;:&quot;yes&quot;,&quot;loop&quot;:&quot;yes&quot;,&quot;controls&quot;:&quot;yes&quot;}\" data-widget_type=\"video.default\">\n\t\t\t\t<div class=\"elementor-widget-container\">\n\t\t\t\t\t\t\t<div class=\"e-hosted-video elementor-wrapper elementor-open-inline\">\n\t\t\t\t\t<video class=\"elementor-video\" src=\"https:\/\/cinevision-media.eu\/wp-content\/uploads\/2024\/02\/2.mp4\" autoplay=\"\" loop=\"\" controls=\"\" playsinline=\"\" controlsList=\"nodownload\"><\/video>\n\t\t\t\t<\/div>\n\t\t\t\t\t\t<\/div>\n\t\t\t\t<\/div>\n\t\t\t\t\t<\/div>\n\t\t\t\t<\/div>\n\t\t<div class=\"elementor-element elementor-element-d63dba4 e-con-full e-flex e-con e-parent\" data-id=\"d63dba4\" data-element_type=\"container\" data-e-type=\"container\">\n\t\t<div class=\"elementor-element elementor-element-38e2e79 e-con-full e-flex e-con e-child\" data-id=\"38e2e79\" data-element_type=\"container\" data-e-type=\"container\">\n\t\t\t\t<div class=\"elementor-element elementor-element-58ea760 elementor-widget elementor-widget-image\" data-id=\"58ea760\" data-element_type=\"widget\" data-e-type=\"widget\" data-widget_type=\"image.default\">\n\t\t\t\t<div class=\"elementor-widget-container\">\n\t\t\t\t\t\t\t\t\t\t\t\t\t\t\t<img fetchpriority=\"high\" decoding=\"async\" width=\"1024\" height=\"566\" src=\"https:\/\/i0.wp.com\/cinevision-media.eu\/wp-content\/uploads\/2024\/02\/dron.webp?fit=1024%2C566&amp;ssl=1\" class=\"attachment-large size-large wp-image-297\" alt=\"\" srcset=\"https:\/\/i0.wp.com\/cinevision-media.eu\/wp-content\/uploads\/2024\/02\/dron.webp?w=1170&amp;ssl=1 1170w, https:\/\/i0.wp.com\/cinevision-media.eu\/wp-content\/uploads\/2024\/02\/dron.webp?resize=300%2C166&amp;ssl=1 300w, https:\/\/i0.wp.com\/cinevision-media.eu\/wp-content\/uploads\/2024\/02\/dron.webp?resize=1024%2C566&amp;ssl=1 1024w, https:\/\/i0.wp.com\/cinevision-media.eu\/wp-content\/uploads\/2024\/02\/dron.webp?resize=768%2C425&amp;ssl=1 768w\" sizes=\"(max-width: 1024px) 100vw, 1024px\" \/>\t\t\t\t\t\t\t\t\t\t\t\t\t\t\t<\/div>\n\t\t\t\t<\/div>\n\t\t\t\t<\/div>\n\t\t<div class=\"elementor-element elementor-element-c08f105 e-con-full e-flex e-con e-child\" data-id=\"c08f105\" data-element_type=\"container\" data-e-type=\"container\">\n\t\t\t\t<div class=\"elementor-element elementor-element-f9d3da9 elementor-widget elementor-widget-image\" data-id=\"f9d3da9\" data-element_type=\"widget\" data-e-type=\"widget\" data-widget_type=\"image.default\">\n\t\t\t\t<div class=\"elementor-widget-container\">\n\t\t\t\t\t\t\t\t\t\t\t\t\t\t\t<img decoding=\"async\" width=\"1024\" height=\"576\" src=\"https:\/\/i0.wp.com\/cinevision-media.eu\/wp-content\/uploads\/2024\/02\/gorod.webp?fit=1024%2C576&amp;ssl=1\" class=\"attachment-large size-large wp-image-296\" alt=\"\" srcset=\"https:\/\/i0.wp.com\/cinevision-media.eu\/wp-content\/uploads\/2024\/02\/gorod.webp?w=1170&amp;ssl=1 1170w, https:\/\/i0.wp.com\/cinevision-media.eu\/wp-content\/uploads\/2024\/02\/gorod.webp?resize=300%2C169&amp;ssl=1 300w, https:\/\/i0.wp.com\/cinevision-media.eu\/wp-content\/uploads\/2024\/02\/gorod.webp?resize=1024%2C576&amp;ssl=1 1024w, https:\/\/i0.wp.com\/cinevision-media.eu\/wp-content\/uploads\/2024\/02\/gorod.webp?resize=768%2C432&amp;ssl=1 768w, https:\/\/i0.wp.com\/cinevision-media.eu\/wp-content\/uploads\/2024\/02\/gorod.webp?resize=800%2C450&amp;ssl=1 800w\" sizes=\"(max-width: 1024px) 100vw, 1024px\" \/>\t\t\t\t\t\t\t\t\t\t\t\t\t\t\t<\/div>\n\t\t\t\t<\/div>\n\t\t\t\t<\/div>\n\t\t\t\t<\/div>\n\t\t<div class=\"elementor-element elementor-element-c6ab21b e-con-full e-flex e-con e-parent\" data-id=\"c6ab21b\" data-element_type=\"container\" data-e-type=\"container\">\n\t\t<div class=\"elementor-element elementor-element-3dd0e59 e-con-full e-flex e-con e-child\" data-id=\"3dd0e59\" data-element_type=\"container\" data-e-type=\"container\">\n\t\t\t\t<div class=\"elementor-element elementor-element-79bcebb elementor-widget elementor-widget-image\" data-id=\"79bcebb\" data-element_type=\"widget\" data-e-type=\"widget\" data-widget_type=\"image.default\">\n\t\t\t\t<div class=\"elementor-widget-container\">\n\t\t\t\t\t\t\t\t\t\t\t\t\t\t\t<img decoding=\"async\" width=\"1024\" height=\"574\" src=\"https:\/\/i0.wp.com\/cinevision-media.eu\/wp-content\/uploads\/2024\/02\/privet.webp?fit=1024%2C574&amp;ssl=1\" class=\"attachment-large size-large wp-image-298\" alt=\"\" srcset=\"https:\/\/i0.wp.com\/cinevision-media.eu\/wp-content\/uploads\/2024\/02\/privet.webp?w=1170&amp;ssl=1 1170w, https:\/\/i0.wp.com\/cinevision-media.eu\/wp-content\/uploads\/2024\/02\/privet.webp?resize=300%2C168&amp;ssl=1 300w, https:\/\/i0.wp.com\/cinevision-media.eu\/wp-content\/uploads\/2024\/02\/privet.webp?resize=1024%2C574&amp;ssl=1 1024w, https:\/\/i0.wp.com\/cinevision-media.eu\/wp-content\/uploads\/2024\/02\/privet.webp?resize=768%2C431&amp;ssl=1 768w\" sizes=\"(max-width: 1024px) 100vw, 1024px\" \/>\t\t\t\t\t\t\t\t\t\t\t\t\t\t\t<\/div>\n\t\t\t\t<\/div>\n\t\t\t\t<\/div>\n\t\t<div class=\"elementor-element elementor-element-c6d3dc7 e-con-full e-flex e-con e-child\" data-id=\"c6d3dc7\" data-element_type=\"container\" data-e-type=\"container\">\n\t\t\t\t<div class=\"elementor-element elementor-element-056776c elementor-widget elementor-widget-image\" data-id=\"056776c\" data-element_type=\"widget\" data-e-type=\"widget\" data-widget_type=\"image.default\">\n\t\t\t\t<div class=\"elementor-widget-container\">\n\t\t\t\t\t\t\t\t\t\t\t\t\t\t\t<img loading=\"lazy\" decoding=\"async\" width=\"1024\" height=\"569\" src=\"https:\/\/i0.wp.com\/cinevision-media.eu\/wp-content\/uploads\/2024\/02\/beg.webp?fit=1024%2C569&amp;ssl=1\" class=\"attachment-large size-large wp-image-299\" alt=\"\" srcset=\"https:\/\/i0.wp.com\/cinevision-media.eu\/wp-content\/uploads\/2024\/02\/beg.webp?w=1170&amp;ssl=1 1170w, https:\/\/i0.wp.com\/cinevision-media.eu\/wp-content\/uploads\/2024\/02\/beg.webp?resize=300%2C167&amp;ssl=1 300w, https:\/\/i0.wp.com\/cinevision-media.eu\/wp-content\/uploads\/2024\/02\/beg.webp?resize=1024%2C569&amp;ssl=1 1024w, https:\/\/i0.wp.com\/cinevision-media.eu\/wp-content\/uploads\/2024\/02\/beg.webp?resize=768%2C427&amp;ssl=1 768w\" sizes=\"(max-width: 1024px) 100vw, 1024px\" \/>\t\t\t\t\t\t\t\t\t\t\t\t\t\t\t<\/div>\n\t\t\t\t<\/div>\n\t\t\t\t<\/div>\n\t\t\t\t<\/div>\n\t\t<div class=\"elementor-element elementor-element-6096566 e-flex e-con-boxed e-con e-parent\" data-id=\"6096566\" data-element_type=\"container\" data-e-type=\"container\">\n\t\t\t\t\t<div class=\"e-con-inner\">\n\t\t\t\t<div class=\"elementor-element elementor-element-6aacffd animated-slow elementor-invisible elementor-widget elementor-widget-heading\" data-id=\"6aacffd\" data-element_type=\"widget\" data-e-type=\"widget\" data-settings=\"{&quot;_animation&quot;:&quot;fadeInLeft&quot;,&quot;_animation_delay&quot;:300}\" data-widget_type=\"heading.default\">\n\t\t\t\t<div class=\"elementor-widget-container\">\n\t\t\t\t\t<h2 class=\"elementor-heading-title elementor-size-default\">Cameraman: Matvey Konankov \n<\/h2>\t\t\t\t<\/div>\n\t\t\t\t<\/div>\n\t\t\t\t\t<\/div>\n\t\t\t\t<\/div>\n\t\t<div class=\"elementor-element elementor-element-2bfe9c6 e-flex e-con-boxed e-con e-parent\" data-id=\"2bfe9c6\" data-element_type=\"container\" data-e-type=\"container\">\n\t\t\t\t\t<div class=\"e-con-inner\">\n\t\t\t\t<div class=\"elementor-element elementor-element-4e7a19c animated-slow elementor-invisible elementor-widget elementor-widget-heading\" data-id=\"4e7a19c\" data-element_type=\"widget\" data-e-type=\"widget\" data-settings=\"{&quot;_animation&quot;:&quot;fadeInRight&quot;,&quot;_animation_delay&quot;:400}\" data-widget_type=\"heading.default\">\n\t\t\t\t<div class=\"elementor-widget-container\">\n\t\t\t\t\t<h2 class=\"elementor-heading-title elementor-size-default\">Director: Denis Grigorenko\n<\/h2>\t\t\t\t<\/div>\n\t\t\t\t<\/div>\n\t\t\t\t\t<\/div>\n\t\t\t\t<\/div>\n\t\t<div class=\"elementor-element elementor-element-933140d e-flex e-con-boxed e-con e-parent\" data-id=\"933140d\" data-element_type=\"container\" data-e-type=\"container\">\n\t\t\t\t\t<div class=\"e-con-inner\">\n\t\t\t\t<div class=\"elementor-element elementor-element-81f8695 animated-slow elementor-invisible elementor-widget elementor-widget-heading\" data-id=\"81f8695\" data-element_type=\"widget\" data-e-type=\"widget\" data-settings=\"{&quot;_animation&quot;:&quot;fadeInLeft&quot;,&quot;_animation_delay&quot;:500}\" data-widget_type=\"heading.default\">\n\t\t\t\t<div class=\"elementor-widget-container\">\n\t\t\t\t\t<h2 class=\"elementor-heading-title elementor-size-default\">Editing: Denis Grigorenko<\/h2>\t\t\t\t<\/div>\n\t\t\t\t<\/div>\n\t\t\t\t\t<\/div>\n\t\t\t\t<\/div>\n\t\t<div class=\"elementor-element elementor-element-a63c1de e-flex e-con-boxed e-con e-parent\" data-id=\"a63c1de\" data-element_type=\"container\" data-e-type=\"container\">\n\t\t\t\t\t<div class=\"e-con-inner\">\n\t\t\t\t<div class=\"elementor-element elementor-element-ade4593 elementor-align-center elementor-widget elementor-widget-button\" data-id=\"ade4593\" data-element_type=\"widget\" data-e-type=\"widget\" data-widget_type=\"button.default\">\n\t\t\t\t<div class=\"elementor-widget-container\">\n\t\t\t\t\t\t\t\t\t<div class=\"elementor-button-wrapper\">\n\t\t\t\t\t<a class=\"elementor-button elementor-button-link elementor-size-sm\" href=\"https:\/\/cinevision-media.eu\/portfolio\/\">\n\t\t\t\t\t\t<span class=\"elementor-button-content-wrapper\">\n\t\t\t\t\t\t\t\t\t<span class=\"elementor-button-text\">back<\/span>\n\t\t\t\t\t<\/span>\n\t\t\t\t\t<\/a>\n\t\t\t\t<\/div>\n\t\t\t\t\t\t\t\t<\/div>\n\t\t\t\t<\/div>\n\t\t\t\t\t<\/div>\n\t\t\t\t<\/div>\n\t\t<div class=\"elementor-element elementor-element-796ea32 e-flex e-con-boxed e-con e-parent\" data-id=\"796ea32\" data-element_type=\"container\" data-e-type=\"container\">\n\t\t\t\t\t<div class=\"e-con-inner\">\n\t\t\t\t<div class=\"elementor-element elementor-element-776a5a5 elementor-widget elementor-widget-spacer\" data-id=\"776a5a5\" data-element_type=\"widget\" data-e-type=\"widget\" data-widget_type=\"spacer.default\">\n\t\t\t\t<div class=\"elementor-widget-container\">\n\t\t\t\t\t\t\t<div class=\"elementor-spacer\">\n\t\t\t<div class=\"elementor-spacer-inner\"><\/div>\n\t\t<\/div>\n\t\t\t\t\t\t<\/div>\n\t\t\t\t<\/div>\n\t\t\t\t\t<\/div>\n\t\t\t\t<\/div>\n\t\t\t\t<\/div>\n\t\t","protected":false},"excerpt":{"rendered":"<p>https:\/\/cinevision-media.eu\/wp-content\/uploads\/2024\/02\/2.mp4 Cameraman: Matvey Konankov Director: Denis Grigorenko Editing: Denis Grigorenko powr\u00f3t do galerii<\/p>\n","protected":false},"author":1,"featured_media":0,"parent":0,"menu_order":0,"comment_status":"closed","ping_status":"closed","template":"","meta":{"ocean_post_layout":"","ocean_both_sidebars_style":"","ocean_both_sidebars_content_width":0,"ocean_both_sidebars_sidebars_width":0,"ocean_sidebar":"","ocean_second_sidebar":"","ocean_disable_margins":"enable","ocean_add_body_class":"","ocean_shortcode_before_top_bar":"","ocean_shortcode_after_top_bar":"","ocean_shortcode_before_header":"","ocean_shortcode_after_header":"","ocean_has_shortcode":"","ocean_shortcode_after_title":"","ocean_shortcode_before_footer_widgets":"","ocean_shortcode_after_footer_widgets":"","ocean_shortcode_before_footer_bottom":"","ocean_shortcode_after_footer_bottom":"","ocean_display_top_bar":"default","ocean_display_header":"default","ocean_header_style":"","ocean_center_header_left_menu":"","ocean_custom_header_template":"","ocean_custom_logo":0,"ocean_custom_retina_logo":0,"ocean_custom_logo_max_width":0,"ocean_custom_logo_tablet_max_width":0,"ocean_custom_logo_mobile_max_width":0,"ocean_custom_logo_max_height":0,"ocean_custom_logo_tablet_max_height":0,"ocean_custom_logo_mobile_max_height":0,"ocean_header_custom_menu":"","ocean_menu_typo_font_family":"","ocean_menu_typo_font_subset":"","ocean_menu_typo_font_size":0,"ocean_menu_typo_font_size_tablet":0,"ocean_menu_typo_font_size_mobile":0,"ocean_menu_typo_font_size_unit":"px","ocean_menu_typo_font_weight":"","ocean_menu_typo_font_weight_tablet":"","ocean_menu_typo_font_weight_mobile":"","ocean_menu_typo_transform":"","ocean_menu_typo_transform_tablet":"","ocean_menu_typo_transform_mobile":"","ocean_menu_typo_line_height":0,"ocean_menu_typo_line_height_tablet":0,"ocean_menu_typo_line_height_mobile":0,"ocean_menu_typo_line_height_unit":"","ocean_menu_typo_spacing":0,"ocean_menu_typo_spacing_tablet":0,"ocean_menu_typo_spacing_mobile":0,"ocean_menu_typo_spacing_unit":"","ocean_menu_link_color":"","ocean_menu_link_color_hover":"","ocean_menu_link_color_active":"","ocean_menu_link_background":"","ocean_menu_link_hover_background":"","ocean_menu_link_active_background":"","ocean_menu_social_links_bg":"","ocean_menu_social_hover_links_bg":"","ocean_menu_social_links_color":"","ocean_menu_social_hover_links_color":"","ocean_disable_title":"default","ocean_disable_heading":"default","ocean_post_title":"","ocean_post_subheading":"","ocean_post_title_style":"","ocean_post_title_background_color":"","ocean_post_title_background":0,"ocean_post_title_bg_image_position":"","ocean_post_title_bg_image_attachment":"","ocean_post_title_bg_image_repeat":"","ocean_post_title_bg_image_size":"","ocean_post_title_height":0,"ocean_post_title_bg_overlay":0.5,"ocean_post_title_bg_overlay_color":"","ocean_disable_breadcrumbs":"default","ocean_breadcrumbs_color":"","ocean_breadcrumbs_separator_color":"","ocean_breadcrumbs_links_color":"","ocean_breadcrumbs_links_hover_color":"","ocean_display_footer_widgets":"default","ocean_display_footer_bottom":"default","ocean_custom_footer_template":"","footnotes":""},"class_list":["post-317","page","type-page","status-publish","hentry","entry"],"yoast_head":"<!-- This site is optimized with the Yoast SEO plugin v27.5 - https:\/\/yoast.com\/product\/yoast-seo-wordpress\/ -->\n<title>Grigorenko<\/title>\n<meta name=\"description\" content=\"\u0411\u043b\u043e\u0433\u0435\u0440 \u0413\u0440\u0438\u0433\u043e\u0440\u0435\u043d\u043a\u043e \u043f\u043e\u0435\u0442 \u043e \u0432\u043e\u043b\u0448\u0435\u0431\u0441\u0442\u0432\u0435 \u043e\u0441\u0435\u043d\u0438, \u0438 \u044f \u0441 \u0440\u0430\u0434\u043e\u0441\u0442\u044c\u044e \u0437\u0430\u043f\u0438\u0441\u044b\u0432\u0430\u044e \u043a\u0430\u0436\u0434\u044b\u0439 \u0437\u0432\u0443\u043a \u0438 \u043e\u0449\u0443\u0449\u0435\u043d\u0438\u0435 \u044d\u0442\u043e\u0433\u043e \u043f\u0440\u0435\u043a\u0440\u0430\u0441\u043d\u043e\u0433\u043e \u0441\u0435\u0437\u043e\u043d\u0430.\" \/>\n<meta name=\"robots\" content=\"index, follow, max-snippet:-1, max-image-preview:large, max-video-preview:-1\" \/>\n<link rel=\"canonical\" href=\"https:\/\/cinevision-media.eu\/ru\/grigorenko\/\" \/>\n<meta property=\"og:locale\" content=\"ru_RU\" \/>\n<meta property=\"og:locale:alternate\" content=\"pl_PL\" \/>\n<meta property=\"og:locale:alternate\" content=\"en_US\" \/>\n<meta property=\"og:type\" content=\"article\" \/>\n<meta property=\"og:title\" content=\"Grigorenko\" \/>\n<meta property=\"og:description\" content=\"Bloger Grigorenko \u015bpiewa o magii jesieni, a ja z rado\u015bci\u0105 rejestruj\u0119 ka\u017cdy d\u017awi\u0119k i uczucie tego pi\u0119knego sezonu.\" \/>\n<meta property=\"og:url\" content=\"https:\/\/cinevision-media.eu\/ru\/grigorenko\/\" \/>\n<meta property=\"og:site_name\" content=\"cinevision-media\" \/>\n<meta property=\"article:modified_time\" content=\"2025-03-30T08:00:30+00:00\" \/>\n<meta property=\"og:image\" content=\"https:\/\/cinevision-media.eu\/wp-content\/uploads\/2024\/02\/dron-1024x566.webp\" \/>\n<meta name=\"twitter:card\" content=\"summary_large_image\" \/>\n<meta name=\"twitter:label1\" content=\"\u041f\u0440\u0438\u043c\u0435\u0440\u043d\u043e\u0435 \u0432\u0440\u0435\u043c\u044f \u0434\u043b\u044f \u0447\u0442\u0435\u043d\u0438\u044f\" \/>\n\t<meta name=\"twitter:data1\" content=\"1 \u043c\u0438\u043d\u0443\u0442\u0430\" \/>\n<script type=\"application\/ld+json\" class=\"yoast-schema-graph\">{\"@context\":\"https:\\\/\\\/schema.org\",\"@graph\":[{\"@type\":\"WebPage\",\"@id\":\"https:\\\/\\\/cinevision-media.eu\\\/pl\\\/grigorenko\\\/\",\"url\":\"https:\\\/\\\/cinevision-media.eu\\\/pl\\\/grigorenko\\\/\",\"name\":\"Grigorenko\",\"isPartOf\":{\"@id\":\"https:\\\/\\\/cinevision-media.eu\\\/pl\\\/#website\"},\"primaryImageOfPage\":{\"@id\":\"https:\\\/\\\/cinevision-media.eu\\\/pl\\\/grigorenko\\\/#primaryimage\"},\"image\":{\"@id\":\"https:\\\/\\\/cinevision-media.eu\\\/pl\\\/grigorenko\\\/#primaryimage\"},\"thumbnailUrl\":\"https:\\\/\\\/cinevision-media.eu\\\/wp-content\\\/uploads\\\/2024\\\/02\\\/dron-1024x566.webp\",\"datePublished\":\"2024-02-14T18:26:30+00:00\",\"dateModified\":\"2025-03-30T08:00:30+00:00\",\"description\":\"Bloger Grigorenko \u015bpiewa o magii jesieni, a ja z rado\u015bci\u0105 rejestruj\u0119 ka\u017cdy d\u017awi\u0119k i uczucie tego pi\u0119knego sezonu.\",\"breadcrumb\":{\"@id\":\"https:\\\/\\\/cinevision-media.eu\\\/pl\\\/grigorenko\\\/#breadcrumb\"},\"inLanguage\":\"ru-RU\",\"potentialAction\":[{\"@type\":\"ReadAction\",\"target\":[\"https:\\\/\\\/cinevision-media.eu\\\/pl\\\/grigorenko\\\/\"]}]},{\"@type\":\"ImageObject\",\"inLanguage\":\"ru-RU\",\"@id\":\"https:\\\/\\\/cinevision-media.eu\\\/pl\\\/grigorenko\\\/#primaryimage\",\"url\":\"https:\\\/\\\/cinevision-media.eu\\\/wp-content\\\/uploads\\\/2024\\\/02\\\/dron-1024x566.webp\",\"contentUrl\":\"https:\\\/\\\/cinevision-media.eu\\\/wp-content\\\/uploads\\\/2024\\\/02\\\/dron-1024x566.webp\"},{\"@type\":\"BreadcrumbList\",\"@id\":\"https:\\\/\\\/cinevision-media.eu\\\/pl\\\/grigorenko\\\/#breadcrumb\",\"itemListElement\":[{\"@type\":\"ListItem\",\"position\":1,\"name\":\"\u0413\u043b\u0430\u0432\u043d\u0430\u044f \u0441\u0442\u0440\u0430\u043d\u0438\u0446\u0430\",\"item\":\"https:\\\/\\\/cinevision-media.eu\\\/pl\\\/\"},{\"@type\":\"ListItem\",\"position\":2,\"name\":\"Grigorenko\"}]},{\"@type\":\"WebSite\",\"@id\":\"https:\\\/\\\/cinevision-media.eu\\\/pl\\\/#website\",\"url\":\"https:\\\/\\\/cinevision-media.eu\\\/pl\\\/\",\"name\":\"cinevision-media\",\"description\":\"Unikalne fotografie, wideofilmowanie i monta\u017c od CINEVISION MEDIA\",\"publisher\":{\"@id\":\"https:\\\/\\\/cinevision-media.eu\\\/pl\\\/#organization\"},\"potentialAction\":[{\"@type\":\"SearchAction\",\"target\":{\"@type\":\"EntryPoint\",\"urlTemplate\":\"https:\\\/\\\/cinevision-media.eu\\\/pl\\\/?s={search_term_string}\"},\"query-input\":{\"@type\":\"PropertyValueSpecification\",\"valueRequired\":true,\"valueName\":\"search_term_string\"}}],\"inLanguage\":\"ru-RU\"},{\"@type\":\"Organization\",\"@id\":\"https:\\\/\\\/cinevision-media.eu\\\/pl\\\/#organization\",\"name\":\"CINEVISION MEDIA Matsvei Kanankou\",\"alternateName\":\"CINEVISION MEDIA\",\"url\":\"https:\\\/\\\/cinevision-media.eu\\\/pl\\\/\",\"logo\":{\"@type\":\"ImageObject\",\"inLanguage\":\"ru-RU\",\"@id\":\"https:\\\/\\\/cinevision-media.eu\\\/pl\\\/#\\\/schema\\\/logo\\\/image\\\/\",\"url\":\"https:\\\/\\\/i0.wp.com\\\/cinevision-media.eu\\\/wp-content\\\/uploads\\\/2024\\\/02\\\/cropped-cropped-cropped-cropped-cropped-logo_cinevision-media2.webp?fit=723%2C902&ssl=1\",\"contentUrl\":\"https:\\\/\\\/i0.wp.com\\\/cinevision-media.eu\\\/wp-content\\\/uploads\\\/2024\\\/02\\\/cropped-cropped-cropped-cropped-cropped-logo_cinevision-media2.webp?fit=723%2C902&ssl=1\",\"width\":723,\"height\":902,\"caption\":\"CINEVISION MEDIA Matsvei Kanankou\"},\"image\":{\"@id\":\"https:\\\/\\\/cinevision-media.eu\\\/pl\\\/#\\\/schema\\\/logo\\\/image\\\/\"}}]}<\/script>\n<!-- \/ Yoast SEO plugin. -->","yoast_head_json":{"title":"Grigorenko","description":"\u0411\u043b\u043e\u0433\u0435\u0440 \u0413\u0440\u0438\u0433\u043e\u0440\u0435\u043d\u043a\u043e \u043f\u043e\u0435\u0442 \u043e \u0432\u043e\u043b\u0448\u0435\u0431\u0441\u0442\u0432\u0435 \u043e\u0441\u0435\u043d\u0438, \u0438 \u044f \u0441 \u0440\u0430\u0434\u043e\u0441\u0442\u044c\u044e \u0437\u0430\u043f\u0438\u0441\u044b\u0432\u0430\u044e \u043a\u0430\u0436\u0434\u044b\u0439 \u0437\u0432\u0443\u043a \u0438 \u043e\u0449\u0443\u0449\u0435\u043d\u0438\u0435 \u044d\u0442\u043e\u0433\u043e \u043f\u0440\u0435\u043a\u0440\u0430\u0441\u043d\u043e\u0433\u043e \u0441\u0435\u0437\u043e\u043d\u0430.","robots":{"index":"index","follow":"follow","max-snippet":"max-snippet:-1","max-image-preview":"max-image-preview:large","max-video-preview":"max-video-preview:-1"},"canonical":"https:\/\/cinevision-media.eu\/ru\/grigorenko\/","og_locale":"ru_RU","og_type":"article","og_title":"[:en]Grigorenko[:pl]Grigorenko[:] | cinevision-media","og_description":"Bloger Grigorenko \u015bpiewa o magii jesieni, a ja z rado\u015bci\u0105 rejestruj\u0119 ka\u017cdy d\u017awi\u0119k i uczucie tego pi\u0119knego sezonu.","og_url":"https:\/\/cinevision-media.eu\/ru\/grigorenko\/","og_site_name":"cinevision-media","article_modified_time":"2025-03-30T08:00:30+00:00","og_image":[{"url":"https:\/\/cinevision-media.eu\/wp-content\/uploads\/2024\/02\/dron-1024x566.webp","type":"","width":"","height":""}],"twitter_card":"summary_large_image","twitter_misc":{"\u041f\u0440\u0438\u043c\u0435\u0440\u043d\u043e\u0435 \u0432\u0440\u0435\u043c\u044f \u0434\u043b\u044f \u0447\u0442\u0435\u043d\u0438\u044f":"1 \u043c\u0438\u043d\u0443\u0442\u0430"},"schema":{"@context":"https:\/\/schema.org","@graph":[{"@type":"WebPage","@id":"https:\/\/cinevision-media.eu\/pl\/grigorenko\/","url":"https:\/\/cinevision-media.eu\/pl\/grigorenko\/","name":"Grigorenko","isPartOf":{"@id":"https:\/\/cinevision-media.eu\/pl\/#website"},"primaryImageOfPage":{"@id":"https:\/\/cinevision-media.eu\/pl\/grigorenko\/#primaryimage"},"image":{"@id":"https:\/\/cinevision-media.eu\/pl\/grigorenko\/#primaryimage"},"thumbnailUrl":"https:\/\/cinevision-media.eu\/wp-content\/uploads\/2024\/02\/dron-1024x566.webp","datePublished":"2024-02-14T18:26:30+00:00","dateModified":"2025-03-30T08:00:30+00:00","description":"Bloger Grigorenko \u015bpiewa o magii jesieni, a ja z rado\u015bci\u0105 rejestruj\u0119 ka\u017cdy d\u017awi\u0119k i uczucie tego pi\u0119knego sezonu.","breadcrumb":{"@id":"https:\/\/cinevision-media.eu\/pl\/grigorenko\/#breadcrumb"},"inLanguage":"ru-RU","potentialAction":[{"@type":"ReadAction","target":["https:\/\/cinevision-media.eu\/pl\/grigorenko\/"]}]},{"@type":"ImageObject","inLanguage":"ru-RU","@id":"https:\/\/cinevision-media.eu\/pl\/grigorenko\/#primaryimage","url":"https:\/\/cinevision-media.eu\/wp-content\/uploads\/2024\/02\/dron-1024x566.webp","contentUrl":"https:\/\/cinevision-media.eu\/wp-content\/uploads\/2024\/02\/dron-1024x566.webp"},{"@type":"BreadcrumbList","@id":"https:\/\/cinevision-media.eu\/pl\/grigorenko\/#breadcrumb","itemListElement":[{"@type":"ListItem","position":1,"name":"\u0413\u043b\u0430\u0432\u043d\u0430\u044f \u0441\u0442\u0440\u0430\u043d\u0438\u0446\u0430","item":"https:\/\/cinevision-media.eu\/pl\/"},{"@type":"ListItem","position":2,"name":"Grigorenko"}]},{"@type":"WebSite","@id":"https:\/\/cinevision-media.eu\/pl\/#website","url":"https:\/\/cinevision-media.eu\/pl\/","name":"cinevision-media","description":"Unikalne fotografie, wideofilmowanie i monta\u017c od CINEVISION MEDIA","publisher":{"@id":"https:\/\/cinevision-media.eu\/pl\/#organization"},"potentialAction":[{"@type":"SearchAction","target":{"@type":"EntryPoint","urlTemplate":"https:\/\/cinevision-media.eu\/pl\/?s={search_term_string}"},"query-input":{"@type":"PropertyValueSpecification","valueRequired":true,"valueName":"search_term_string"}}],"inLanguage":"ru-RU"},{"@type":"Organization","@id":"https:\/\/cinevision-media.eu\/pl\/#organization","name":"CINEVISION MEDIA Matsvei Kanankou","alternateName":"CINEVISION MEDIA","url":"https:\/\/cinevision-media.eu\/pl\/","logo":{"@type":"ImageObject","inLanguage":"ru-RU","@id":"https:\/\/cinevision-media.eu\/pl\/#\/schema\/logo\/image\/","url":"https:\/\/i0.wp.com\/cinevision-media.eu\/wp-content\/uploads\/2024\/02\/cropped-cropped-cropped-cropped-cropped-logo_cinevision-media2.webp?fit=723%2C902&ssl=1","contentUrl":"https:\/\/i0.wp.com\/cinevision-media.eu\/wp-content\/uploads\/2024\/02\/cropped-cropped-cropped-cropped-cropped-logo_cinevision-media2.webp?fit=723%2C902&ssl=1","width":723,"height":902,"caption":"CINEVISION MEDIA Matsvei Kanankou"},"image":{"@id":"https:\/\/cinevision-media.eu\/pl\/#\/schema\/logo\/image\/"}}]}},"_links":{"self":[{"href":"https:\/\/cinevision-media.eu\/ru\/wp-json\/wp\/v2\/pages\/317","targetHints":{"allow":["GET"]}}],"collection":[{"href":"https:\/\/cinevision-media.eu\/ru\/wp-json\/wp\/v2\/pages"}],"about":[{"href":"https:\/\/cinevision-media.eu\/ru\/wp-json\/wp\/v2\/types\/page"}],"author":[{"embeddable":true,"href":"https:\/\/cinevision-media.eu\/ru\/wp-json\/wp\/v2\/users\/1"}],"replies":[{"embeddable":true,"href":"https:\/\/cinevision-media.eu\/ru\/wp-json\/wp\/v2\/comments?post=317"}],"version-history":[{"count":20,"href":"https:\/\/cinevision-media.eu\/ru\/wp-json\/wp\/v2\/pages\/317\/revisions"}],"predecessor-version":[{"id":2719,"href":"https:\/\/cinevision-media.eu\/ru\/wp-json\/wp\/v2\/pages\/317\/revisions\/2719"}],"wp:attachment":[{"href":"https:\/\/cinevision-media.eu\/ru\/wp-json\/wp\/v2\/media?parent=317"}],"curies":[{"name":"wp","href":"https:\/\/api.w.org\/{rel}","templated":true}]}}