{"id":1193,"date":"2024-07-12T20:15:13","date_gmt":"2024-07-12T18:15:13","guid":{"rendered":"https:\/\/cinevision-media.eu\/?page_id=1193"},"modified":"2025-03-30T10:05:05","modified_gmt":"2025-03-30T08:05:05","slug":"reels-spring-party-3-0-for-raccoon-school","status":"publish","type":"page","link":"https:\/\/cinevision-media.eu\/ru\/reels-spring-party-3-0-for-raccoon-school\/","title":{"rendered":"Reels Spring Party 3.0 for RACCOON SCHOOL"},"content":{"rendered":"\t\t<div data-elementor-type=\"wp-page\" data-elementor-id=\"1193\" class=\"elementor elementor-1193\">\n\t\t\t\t<div class=\"elementor-element elementor-element-f291f83 e-flex e-con-boxed e-con e-parent\" data-id=\"f291f83\" data-element_type=\"container\" data-e-type=\"container\">\n\t\t\t\t\t<div class=\"e-con-inner\">\n\t\t\t\t<div class=\"elementor-element elementor-element-f3b3bd2 elementor-widget elementor-widget-video\" data-id=\"f3b3bd2\" data-element_type=\"widget\" data-e-type=\"widget\" data-settings=\"{&quot;autoplay&quot;:&quot;yes&quot;,&quot;play_on_mobile&quot;:&quot;yes&quot;,&quot;loop&quot;:&quot;yes&quot;,&quot;video_type&quot;:&quot;hosted&quot;,&quot;controls&quot;:&quot;yes&quot;}\" data-widget_type=\"video.default\">\n\t\t\t\t<div class=\"elementor-widget-container\">\n\t\t\t\t\t\t\t<div class=\"e-hosted-video elementor-wrapper elementor-open-inline\">\n\t\t\t\t\t<video class=\"elementor-video\" src=\"https:\/\/cinevision-media.eu\/wp-content\/uploads\/2024\/07\/Reels-Spring-Party-3.0-for-RACCOON-SCHOOL.mov\" autoplay=\"\" loop=\"\" controls=\"\" playsinline=\"\" controlsList=\"nodownload\"><\/video>\n\t\t\t\t<\/div>\n\t\t\t\t\t\t<\/div>\n\t\t\t\t<\/div>\n\t\t\t\t\t<\/div>\n\t\t\t\t<\/div>\n\t\t<div class=\"elementor-element elementor-element-d639ee5 e-flex e-con-boxed e-con e-parent\" data-id=\"d639ee5\" data-element_type=\"container\" data-e-type=\"container\">\n\t\t\t\t\t<div class=\"e-con-inner\">\n\t\t<div class=\"elementor-element elementor-element-455d40d e-con-full e-flex e-con e-child\" data-id=\"455d40d\" data-element_type=\"container\" data-e-type=\"container\">\n\t\t\t\t<div class=\"elementor-element elementor-element-ab85a47 elementor-widget elementor-widget-image\" data-id=\"ab85a47\" data-element_type=\"widget\" data-e-type=\"widget\" data-widget_type=\"image.default\">\n\t\t\t\t<div class=\"elementor-widget-container\">\n\t\t\t\t\t\t\t\t\t\t\t\t\t\t\t<img fetchpriority=\"high\" decoding=\"async\" width=\"582\" height=\"1024\" src=\"https:\/\/i0.wp.com\/cinevision-media.eu\/wp-content\/uploads\/2024\/07\/photo_2024-07-12_20-24-45.webp?fit=582%2C1024&amp;ssl=1\" class=\"attachment-large size-large wp-image-1197\" alt=\"\" srcset=\"https:\/\/i0.wp.com\/cinevision-media.eu\/wp-content\/uploads\/2024\/07\/photo_2024-07-12_20-24-45.webp?w=727&amp;ssl=1 727w, https:\/\/i0.wp.com\/cinevision-media.eu\/wp-content\/uploads\/2024\/07\/photo_2024-07-12_20-24-45.webp?resize=170%2C300&amp;ssl=1 170w, https:\/\/i0.wp.com\/cinevision-media.eu\/wp-content\/uploads\/2024\/07\/photo_2024-07-12_20-24-45.webp?resize=582%2C1024&amp;ssl=1 582w\" sizes=\"(max-width: 582px) 100vw, 582px\" \/>\t\t\t\t\t\t\t\t\t\t\t\t\t\t\t<\/div>\n\t\t\t\t<\/div>\n\t\t\t\t<\/div>\n\t\t<div class=\"elementor-element elementor-element-e5352c1 e-con-full e-flex e-con e-child\" data-id=\"e5352c1\" data-element_type=\"container\" data-e-type=\"container\">\n\t\t\t\t<div class=\"elementor-element elementor-element-bbffb7e elementor-widget elementor-widget-image\" data-id=\"bbffb7e\" data-element_type=\"widget\" data-e-type=\"widget\" data-widget_type=\"image.default\">\n\t\t\t\t<div class=\"elementor-widget-container\">\n\t\t\t\t\t\t\t\t\t\t\t\t\t\t\t<img decoding=\"async\" width=\"582\" height=\"1024\" src=\"https:\/\/i0.wp.com\/cinevision-media.eu\/wp-content\/uploads\/2024\/07\/photo_2024-07-12_20-25-12.webp?fit=582%2C1024&amp;ssl=1\" class=\"attachment-large size-large wp-image-1198\" alt=\"\" srcset=\"https:\/\/i0.wp.com\/cinevision-media.eu\/wp-content\/uploads\/2024\/07\/photo_2024-07-12_20-25-12.webp?w=727&amp;ssl=1 727w, https:\/\/i0.wp.com\/cinevision-media.eu\/wp-content\/uploads\/2024\/07\/photo_2024-07-12_20-25-12.webp?resize=170%2C300&amp;ssl=1 170w, https:\/\/i0.wp.com\/cinevision-media.eu\/wp-content\/uploads\/2024\/07\/photo_2024-07-12_20-25-12.webp?resize=582%2C1024&amp;ssl=1 582w\" sizes=\"(max-width: 582px) 100vw, 582px\" \/>\t\t\t\t\t\t\t\t\t\t\t\t\t\t\t<\/div>\n\t\t\t\t<\/div>\n\t\t\t\t<\/div>\n\t\t\t\t\t<\/div>\n\t\t\t\t<\/div>\n\t\t<div class=\"elementor-element elementor-element-ceab6f1 e-flex e-con-boxed e-con e-parent\" data-id=\"ceab6f1\" data-element_type=\"container\" data-e-type=\"container\">\n\t\t\t\t\t<div class=\"e-con-inner\">\n\t\t<div class=\"elementor-element elementor-element-794df42 e-con-full e-flex e-con e-child\" data-id=\"794df42\" data-element_type=\"container\" data-e-type=\"container\">\n\t\t\t\t<div class=\"elementor-element elementor-element-ca5d02f elementor-widget elementor-widget-image\" data-id=\"ca5d02f\" data-element_type=\"widget\" data-e-type=\"widget\" data-widget_type=\"image.default\">\n\t\t\t\t<div class=\"elementor-widget-container\">\n\t\t\t\t\t\t\t\t\t\t\t\t\t\t\t<img decoding=\"async\" width=\"582\" height=\"1024\" src=\"https:\/\/i0.wp.com\/cinevision-media.eu\/wp-content\/uploads\/2024\/07\/photo_2024-07-12_20-25-16.webp?fit=582%2C1024&amp;ssl=1\" class=\"attachment-large size-large wp-image-1199\" alt=\"\" srcset=\"https:\/\/i0.wp.com\/cinevision-media.eu\/wp-content\/uploads\/2024\/07\/photo_2024-07-12_20-25-16.webp?w=727&amp;ssl=1 727w, https:\/\/i0.wp.com\/cinevision-media.eu\/wp-content\/uploads\/2024\/07\/photo_2024-07-12_20-25-16.webp?resize=170%2C300&amp;ssl=1 170w, https:\/\/i0.wp.com\/cinevision-media.eu\/wp-content\/uploads\/2024\/07\/photo_2024-07-12_20-25-16.webp?resize=582%2C1024&amp;ssl=1 582w\" sizes=\"(max-width: 582px) 100vw, 582px\" \/>\t\t\t\t\t\t\t\t\t\t\t\t\t\t\t<\/div>\n\t\t\t\t<\/div>\n\t\t\t\t<\/div>\n\t\t<div class=\"elementor-element elementor-element-01811f6 e-con-full e-flex e-con e-child\" data-id=\"01811f6\" data-element_type=\"container\" data-e-type=\"container\">\n\t\t\t\t<div class=\"elementor-element elementor-element-14faf5b elementor-widget elementor-widget-image\" data-id=\"14faf5b\" data-element_type=\"widget\" data-e-type=\"widget\" data-widget_type=\"image.default\">\n\t\t\t\t<div class=\"elementor-widget-container\">\n\t\t\t\t\t\t\t\t\t\t\t\t\t\t\t<img loading=\"lazy\" decoding=\"async\" width=\"578\" height=\"1024\" src=\"https:\/\/i0.wp.com\/cinevision-media.eu\/wp-content\/uploads\/2024\/07\/photo_2024-07-12_20-25-19.webp?fit=578%2C1024&amp;ssl=1\" class=\"attachment-large size-large wp-image-1201\" alt=\"\" srcset=\"https:\/\/i0.wp.com\/cinevision-media.eu\/wp-content\/uploads\/2024\/07\/photo_2024-07-12_20-25-19.webp?w=722&amp;ssl=1 722w, https:\/\/i0.wp.com\/cinevision-media.eu\/wp-content\/uploads\/2024\/07\/photo_2024-07-12_20-25-19.webp?resize=169%2C300&amp;ssl=1 169w, https:\/\/i0.wp.com\/cinevision-media.eu\/wp-content\/uploads\/2024\/07\/photo_2024-07-12_20-25-19.webp?resize=578%2C1024&amp;ssl=1 578w\" sizes=\"(max-width: 578px) 100vw, 578px\" \/>\t\t\t\t\t\t\t\t\t\t\t\t\t\t\t<\/div>\n\t\t\t\t<\/div>\n\t\t\t\t<\/div>\n\t\t\t\t\t<\/div>\n\t\t\t\t<\/div>\n\t\t<div class=\"elementor-element elementor-element-86aa430 e-flex e-con-boxed e-con e-parent\" data-id=\"86aa430\" data-element_type=\"container\" data-e-type=\"container\">\n\t\t\t\t\t<div class=\"e-con-inner\">\n\t\t\t\t<div class=\"elementor-element elementor-element-877430f animated-slow elementor-invisible elementor-widget elementor-widget-heading\" data-id=\"877430f\" data-element_type=\"widget\" data-e-type=\"widget\" data-settings=\"{&quot;_animation&quot;:&quot;fadeInLeft&quot;,&quot;_animation_delay&quot;:300}\" data-widget_type=\"heading.default\">\n\t\t\t\t<div class=\"elementor-widget-container\">\n\t\t\t\t\t<h2 class=\"elementor-heading-title elementor-size-default\">Cameraman: Matvey Konankov <\/h2>\t\t\t\t<\/div>\n\t\t\t\t<\/div>\n\t\t\t\t\t<\/div>\n\t\t\t\t<\/div>\n\t\t<div class=\"elementor-element elementor-element-7701e2f e-flex e-con-boxed e-con e-parent\" data-id=\"7701e2f\" data-element_type=\"container\" data-e-type=\"container\">\n\t\t\t\t\t<div class=\"e-con-inner\">\n\t\t\t\t<div class=\"elementor-element elementor-element-917fa09 animated-slow elementor-invisible elementor-widget elementor-widget-heading\" data-id=\"917fa09\" data-element_type=\"widget\" data-e-type=\"widget\" data-settings=\"{&quot;_animation&quot;:&quot;fadeInRight&quot;,&quot;_animation_delay&quot;:300}\" data-widget_type=\"heading.default\">\n\t\t\t\t<div class=\"elementor-widget-container\">\n\t\t\t\t\t<h2 class=\"elementor-heading-title elementor-size-default\">Editor: Yevhen Pavliuk<\/h2>\t\t\t\t<\/div>\n\t\t\t\t<\/div>\n\t\t\t\t\t<\/div>\n\t\t\t\t<\/div>\n\t\t<div class=\"elementor-element elementor-element-7b60174 e-flex e-con-boxed e-con e-parent\" data-id=\"7b60174\" data-element_type=\"container\" data-e-type=\"container\">\n\t\t\t\t\t<div class=\"e-con-inner\">\n\t\t\t\t<div class=\"elementor-element elementor-element-f664e82 animated-slow elementor-invisible elementor-widget elementor-widget-heading\" data-id=\"f664e82\" data-element_type=\"widget\" data-e-type=\"widget\" data-settings=\"{&quot;_animation&quot;:&quot;fadeInLeft&quot;,&quot;_animation_delay&quot;:300}\" data-widget_type=\"heading.default\">\n\t\t\t\t<div class=\"elementor-widget-container\">\n\t\t\t\t\t<h2 class=\"elementor-heading-title elementor-size-default\">Director: Yevhenii Bespalyi<\/h2>\t\t\t\t<\/div>\n\t\t\t\t<\/div>\n\t\t\t\t\t<\/div>\n\t\t\t\t<\/div>\n\t\t<div class=\"elementor-element elementor-element-e5ef0a8 e-flex e-con-boxed e-con e-parent\" data-id=\"e5ef0a8\" data-element_type=\"container\" data-e-type=\"container\">\n\t\t\t\t\t<div class=\"e-con-inner\">\n\t\t\t\t<div class=\"elementor-element elementor-element-051bb5e elementor-align-center elementor-widget elementor-widget-button\" data-id=\"051bb5e\" data-element_type=\"widget\" data-e-type=\"widget\" data-widget_type=\"button.default\">\n\t\t\t\t<div class=\"elementor-widget-container\">\n\t\t\t\t\t\t\t\t\t<div class=\"elementor-button-wrapper\">\n\t\t\t\t\t<a class=\"elementor-button elementor-button-link elementor-size-sm\" href=\"https:\/\/cinevision-media.eu\/portfolio\/\">\n\t\t\t\t\t\t<span class=\"elementor-button-content-wrapper\">\n\t\t\t\t\t\t\t\t\t<span class=\"elementor-button-text\">back<\/span>\n\t\t\t\t\t<\/span>\n\t\t\t\t\t<\/a>\n\t\t\t\t<\/div>\n\t\t\t\t\t\t\t\t<\/div>\n\t\t\t\t<\/div>\n\t\t\t\t\t<\/div>\n\t\t\t\t<\/div>\n\t\t\t\t<\/div>\n\t\t","protected":false},"excerpt":{"rendered":"<p>https:\/\/cinevision-media.eu\/wp-content\/uploads\/2024\/07\/Reels-Spring-Party-3.0-for-RACCOON-SCHOOL.mov Cameraman: Matvey Konankov Editor: Yevhen Pavliuk Director: Yevhenii Bespalyi powr\u00f3t do galerii<\/p>\n","protected":false},"author":1,"featured_media":0,"parent":0,"menu_order":0,"comment_status":"closed","ping_status":"closed","template":"","meta":{"ocean_post_layout":"","ocean_both_sidebars_style":"","ocean_both_sidebars_content_width":0,"ocean_both_sidebars_sidebars_width":0,"ocean_sidebar":"","ocean_second_sidebar":"","ocean_disable_margins":"enable","ocean_add_body_class":"","ocean_shortcode_before_top_bar":"","ocean_shortcode_after_top_bar":"","ocean_shortcode_before_header":"","ocean_shortcode_after_header":"","ocean_has_shortcode":"","ocean_shortcode_after_title":"","ocean_shortcode_before_footer_widgets":"","ocean_shortcode_after_footer_widgets":"","ocean_shortcode_before_footer_bottom":"","ocean_shortcode_after_footer_bottom":"","ocean_display_top_bar":"default","ocean_display_header":"default","ocean_header_style":"","ocean_center_header_left_menu":"","ocean_custom_header_template":"","ocean_custom_logo":0,"ocean_custom_retina_logo":0,"ocean_custom_logo_max_width":0,"ocean_custom_logo_tablet_max_width":0,"ocean_custom_logo_mobile_max_width":0,"ocean_custom_logo_max_height":0,"ocean_custom_logo_tablet_max_height":0,"ocean_custom_logo_mobile_max_height":0,"ocean_header_custom_menu":"","ocean_menu_typo_font_family":"","ocean_menu_typo_font_subset":"","ocean_menu_typo_font_size":0,"ocean_menu_typo_font_size_tablet":0,"ocean_menu_typo_font_size_mobile":0,"ocean_menu_typo_font_size_unit":"px","ocean_menu_typo_font_weight":"","ocean_menu_typo_font_weight_tablet":"","ocean_menu_typo_font_weight_mobile":"","ocean_menu_typo_transform":"","ocean_menu_typo_transform_tablet":"","ocean_menu_typo_transform_mobile":"","ocean_menu_typo_line_height":0,"ocean_menu_typo_line_height_tablet":0,"ocean_menu_typo_line_height_mobile":0,"ocean_menu_typo_line_height_unit":"","ocean_menu_typo_spacing":0,"ocean_menu_typo_spacing_tablet":0,"ocean_menu_typo_spacing_mobile":0,"ocean_menu_typo_spacing_unit":"","ocean_menu_link_color":"","ocean_menu_link_color_hover":"","ocean_menu_link_color_active":"","ocean_menu_link_background":"","ocean_menu_link_hover_background":"","ocean_menu_link_active_background":"","ocean_menu_social_links_bg":"","ocean_menu_social_hover_links_bg":"","ocean_menu_social_links_color":"","ocean_menu_social_hover_links_color":"","ocean_disable_title":"default","ocean_disable_heading":"default","ocean_post_title":"","ocean_post_subheading":"","ocean_post_title_style":"","ocean_post_title_background_color":"","ocean_post_title_background":0,"ocean_post_title_bg_image_position":"","ocean_post_title_bg_image_attachment":"","ocean_post_title_bg_image_repeat":"","ocean_post_title_bg_image_size":"","ocean_post_title_height":0,"ocean_post_title_bg_overlay":0.5,"ocean_post_title_bg_overlay_color":"","ocean_disable_breadcrumbs":"default","ocean_breadcrumbs_color":"","ocean_breadcrumbs_separator_color":"","ocean_breadcrumbs_links_color":"","ocean_breadcrumbs_links_hover_color":"","ocean_display_footer_widgets":"default","ocean_display_footer_bottom":"default","ocean_custom_footer_template":"","footnotes":""},"class_list":["post-1193","page","type-page","status-publish","hentry","entry"],"yoast_head":"<!-- This site is optimized with the Yoast SEO plugin v27.5 - https:\/\/yoast.com\/product\/yoast-seo-wordpress\/ -->\n<title>Reels Spring Party 3.0 for RACCOON SCHOOL<\/title>\n<meta name=\"description\" content=\"Reels Spring Party 3.0 for Raccoon School: \u043f\u0440\u043e\u0444\u0435\u0441\u0441\u0438\u043e\u043d\u0430\u043b\u044c\u043d\u0430\u044f \u0441\u0442\u0440\u0435\u043b\u044c\u0431\u0430 reels for Racoon School. \u041e\u043d\u0438 \u043f\u043e\u043c\u043e\u0433\u0430\u044e\u0442 \u044d\u0444\u0444\u0435\u043a\u0442\u0438\u0432\u043d\u043e \u0440\u0435\u043a\u043b\u0430\u043c\u0438\u0440\u043e\u0432\u0430\u0442\u044c \u0432\u0430\u0448\u0438 \u0441\u043e\u0431\u044b\u0442\u0438\u044f \u0441 \u043f\u043e\u043c\u043e\u0449\u044c\u044e \u0443\u043d\u0438\u043a\u0430\u043b\u044c\u043d\u043e\u0433\u043e \u0432\u0438\u0434\u0435\u043e\u043a\u043e\u043d\u0442\u0435\u043d\u0442\u0430.\" \/>\n<meta name=\"robots\" content=\"index, follow, max-snippet:-1, max-image-preview:large, max-video-preview:-1\" \/>\n<link rel=\"canonical\" href=\"https:\/\/cinevision-media.eu\/ru\/reels-spring-party-3-0-for-raccoon-school\/\" \/>\n<meta property=\"og:locale\" content=\"ru_RU\" \/>\n<meta property=\"og:locale:alternate\" content=\"pl_PL\" \/>\n<meta property=\"og:locale:alternate\" content=\"en_US\" \/>\n<meta property=\"og:type\" content=\"article\" \/>\n<meta property=\"og:title\" content=\"Reels Spring Party 3.0 for RACCOON SCHOOL\" \/>\n<meta property=\"og:description\" content=\"Reels Spring Party 3.0 for Raccoon School: profesjonalne strzelanie reels for Racoon School. Pomagaj\u0105 skutecznie reklamowa\u0107 Twoje wydarzenia dzi\u0119ki unikalnym tre\u015bciom wideo.\" \/>\n<meta property=\"og:url\" content=\"https:\/\/cinevision-media.eu\/ru\/reels-spring-party-3-0-for-raccoon-school\/\" \/>\n<meta property=\"og:site_name\" content=\"cinevision-media\" \/>\n<meta property=\"article:modified_time\" content=\"2025-03-30T08:05:05+00:00\" \/>\n<meta property=\"og:image\" content=\"https:\/\/cinevision-media.eu\/wp-content\/uploads\/2024\/07\/photo_2024-07-12_20-24-45-582x1024.webp\" \/>\n<meta name=\"twitter:card\" content=\"summary_large_image\" \/>\n<meta name=\"twitter:label1\" content=\"\u041f\u0440\u0438\u043c\u0435\u0440\u043d\u043e\u0435 \u0432\u0440\u0435\u043c\u044f \u0434\u043b\u044f \u0447\u0442\u0435\u043d\u0438\u044f\" \/>\n\t<meta name=\"twitter:data1\" content=\"1 \u043c\u0438\u043d\u0443\u0442\u0430\" \/>\n<script type=\"application\/ld+json\" class=\"yoast-schema-graph\">{\"@context\":\"https:\\\/\\\/schema.org\",\"@graph\":[{\"@type\":\"WebPage\",\"@id\":\"https:\\\/\\\/cinevision-media.eu\\\/pl\\\/reels-spring-party-3-0-for-raccoon-school\\\/\",\"url\":\"https:\\\/\\\/cinevision-media.eu\\\/pl\\\/reels-spring-party-3-0-for-raccoon-school\\\/\",\"name\":\"Reels Spring Party 3.0 for RACCOON SCHOOL\",\"isPartOf\":{\"@id\":\"https:\\\/\\\/cinevision-media.eu\\\/pl\\\/#website\"},\"primaryImageOfPage\":{\"@id\":\"https:\\\/\\\/cinevision-media.eu\\\/pl\\\/reels-spring-party-3-0-for-raccoon-school\\\/#primaryimage\"},\"image\":{\"@id\":\"https:\\\/\\\/cinevision-media.eu\\\/pl\\\/reels-spring-party-3-0-for-raccoon-school\\\/#primaryimage\"},\"thumbnailUrl\":\"https:\\\/\\\/cinevision-media.eu\\\/wp-content\\\/uploads\\\/2024\\\/07\\\/photo_2024-07-12_20-24-45-582x1024.webp\",\"datePublished\":\"2024-07-12T18:15:13+00:00\",\"dateModified\":\"2025-03-30T08:05:05+00:00\",\"description\":\"Reels Spring Party 3.0 for Raccoon School: profesjonalne strzelanie reels for Racoon School. Pomagaj\u0105 skutecznie reklamowa\u0107 Twoje wydarzenia dzi\u0119ki unikalnym tre\u015bciom wideo.\",\"breadcrumb\":{\"@id\":\"https:\\\/\\\/cinevision-media.eu\\\/pl\\\/reels-spring-party-3-0-for-raccoon-school\\\/#breadcrumb\"},\"inLanguage\":\"ru-RU\",\"potentialAction\":[{\"@type\":\"ReadAction\",\"target\":[\"https:\\\/\\\/cinevision-media.eu\\\/pl\\\/reels-spring-party-3-0-for-raccoon-school\\\/\"]}]},{\"@type\":\"ImageObject\",\"inLanguage\":\"ru-RU\",\"@id\":\"https:\\\/\\\/cinevision-media.eu\\\/pl\\\/reels-spring-party-3-0-for-raccoon-school\\\/#primaryimage\",\"url\":\"https:\\\/\\\/cinevision-media.eu\\\/wp-content\\\/uploads\\\/2024\\\/07\\\/photo_2024-07-12_20-24-45-582x1024.webp\",\"contentUrl\":\"https:\\\/\\\/cinevision-media.eu\\\/wp-content\\\/uploads\\\/2024\\\/07\\\/photo_2024-07-12_20-24-45-582x1024.webp\"},{\"@type\":\"BreadcrumbList\",\"@id\":\"https:\\\/\\\/cinevision-media.eu\\\/pl\\\/reels-spring-party-3-0-for-raccoon-school\\\/#breadcrumb\",\"itemListElement\":[{\"@type\":\"ListItem\",\"position\":1,\"name\":\"\u0413\u043b\u0430\u0432\u043d\u0430\u044f \u0441\u0442\u0440\u0430\u043d\u0438\u0446\u0430\",\"item\":\"https:\\\/\\\/cinevision-media.eu\\\/pl\\\/\"},{\"@type\":\"ListItem\",\"position\":2,\"name\":\"Reels Spring Party 3.0 for RACCOON SCHOOL\"}]},{\"@type\":\"WebSite\",\"@id\":\"https:\\\/\\\/cinevision-media.eu\\\/pl\\\/#website\",\"url\":\"https:\\\/\\\/cinevision-media.eu\\\/pl\\\/\",\"name\":\"cinevision-media\",\"description\":\"Unikalne fotografie, wideofilmowanie i monta\u017c od CINEVISION MEDIA\",\"publisher\":{\"@id\":\"https:\\\/\\\/cinevision-media.eu\\\/pl\\\/#organization\"},\"potentialAction\":[{\"@type\":\"SearchAction\",\"target\":{\"@type\":\"EntryPoint\",\"urlTemplate\":\"https:\\\/\\\/cinevision-media.eu\\\/pl\\\/?s={search_term_string}\"},\"query-input\":{\"@type\":\"PropertyValueSpecification\",\"valueRequired\":true,\"valueName\":\"search_term_string\"}}],\"inLanguage\":\"ru-RU\"},{\"@type\":\"Organization\",\"@id\":\"https:\\\/\\\/cinevision-media.eu\\\/pl\\\/#organization\",\"name\":\"CINEVISION MEDIA Matsvei Kanankou\",\"alternateName\":\"CINEVISION MEDIA\",\"url\":\"https:\\\/\\\/cinevision-media.eu\\\/pl\\\/\",\"logo\":{\"@type\":\"ImageObject\",\"inLanguage\":\"ru-RU\",\"@id\":\"https:\\\/\\\/cinevision-media.eu\\\/pl\\\/#\\\/schema\\\/logo\\\/image\\\/\",\"url\":\"https:\\\/\\\/i0.wp.com\\\/cinevision-media.eu\\\/wp-content\\\/uploads\\\/2024\\\/02\\\/cropped-cropped-cropped-cropped-cropped-logo_cinevision-media2.webp?fit=723%2C902&ssl=1\",\"contentUrl\":\"https:\\\/\\\/i0.wp.com\\\/cinevision-media.eu\\\/wp-content\\\/uploads\\\/2024\\\/02\\\/cropped-cropped-cropped-cropped-cropped-logo_cinevision-media2.webp?fit=723%2C902&ssl=1\",\"width\":723,\"height\":902,\"caption\":\"CINEVISION MEDIA Matsvei Kanankou\"},\"image\":{\"@id\":\"https:\\\/\\\/cinevision-media.eu\\\/pl\\\/#\\\/schema\\\/logo\\\/image\\\/\"}}]}<\/script>\n<!-- \/ Yoast SEO plugin. -->","yoast_head_json":{"title":"Reels Spring Party 3.0 for RACCOON SCHOOL","description":"Reels Spring Party 3.0 for Raccoon School: \u043f\u0440\u043e\u0444\u0435\u0441\u0441\u0438\u043e\u043d\u0430\u043b\u044c\u043d\u0430\u044f \u0441\u0442\u0440\u0435\u043b\u044c\u0431\u0430 reels for Racoon School. \u041e\u043d\u0438 \u043f\u043e\u043c\u043e\u0433\u0430\u044e\u0442 \u044d\u0444\u0444\u0435\u043a\u0442\u0438\u0432\u043d\u043e \u0440\u0435\u043a\u043b\u0430\u043c\u0438\u0440\u043e\u0432\u0430\u0442\u044c \u0432\u0430\u0448\u0438 \u0441\u043e\u0431\u044b\u0442\u0438\u044f \u0441 \u043f\u043e\u043c\u043e\u0449\u044c\u044e \u0443\u043d\u0438\u043a\u0430\u043b\u044c\u043d\u043e\u0433\u043e \u0432\u0438\u0434\u0435\u043e\u043a\u043e\u043d\u0442\u0435\u043d\u0442\u0430.","robots":{"index":"index","follow":"follow","max-snippet":"max-snippet:-1","max-image-preview":"max-image-preview:large","max-video-preview":"max-video-preview:-1"},"canonical":"https:\/\/cinevision-media.eu\/ru\/reels-spring-party-3-0-for-raccoon-school\/","og_locale":"ru_RU","og_type":"article","og_title":"[:pl]Reels Spring Party 3.0 for RACCOON SCHOOL[:] | cinevision-media","og_description":"Reels Spring Party 3.0 for Raccoon School: profesjonalne strzelanie reels for Racoon School. Pomagaj\u0105 skutecznie reklamowa\u0107 Twoje wydarzenia dzi\u0119ki unikalnym tre\u015bciom wideo.","og_url":"https:\/\/cinevision-media.eu\/ru\/reels-spring-party-3-0-for-raccoon-school\/","og_site_name":"cinevision-media","article_modified_time":"2025-03-30T08:05:05+00:00","og_image":[{"url":"https:\/\/cinevision-media.eu\/wp-content\/uploads\/2024\/07\/photo_2024-07-12_20-24-45-582x1024.webp","type":"","width":"","height":""}],"twitter_card":"summary_large_image","twitter_misc":{"\u041f\u0440\u0438\u043c\u0435\u0440\u043d\u043e\u0435 \u0432\u0440\u0435\u043c\u044f \u0434\u043b\u044f \u0447\u0442\u0435\u043d\u0438\u044f":"1 \u043c\u0438\u043d\u0443\u0442\u0430"},"schema":{"@context":"https:\/\/schema.org","@graph":[{"@type":"WebPage","@id":"https:\/\/cinevision-media.eu\/pl\/reels-spring-party-3-0-for-raccoon-school\/","url":"https:\/\/cinevision-media.eu\/pl\/reels-spring-party-3-0-for-raccoon-school\/","name":"Reels Spring Party 3.0 for RACCOON SCHOOL","isPartOf":{"@id":"https:\/\/cinevision-media.eu\/pl\/#website"},"primaryImageOfPage":{"@id":"https:\/\/cinevision-media.eu\/pl\/reels-spring-party-3-0-for-raccoon-school\/#primaryimage"},"image":{"@id":"https:\/\/cinevision-media.eu\/pl\/reels-spring-party-3-0-for-raccoon-school\/#primaryimage"},"thumbnailUrl":"https:\/\/cinevision-media.eu\/wp-content\/uploads\/2024\/07\/photo_2024-07-12_20-24-45-582x1024.webp","datePublished":"2024-07-12T18:15:13+00:00","dateModified":"2025-03-30T08:05:05+00:00","description":"Reels Spring Party 3.0 for Raccoon School: profesjonalne strzelanie reels for Racoon School. Pomagaj\u0105 skutecznie reklamowa\u0107 Twoje wydarzenia dzi\u0119ki unikalnym tre\u015bciom wideo.","breadcrumb":{"@id":"https:\/\/cinevision-media.eu\/pl\/reels-spring-party-3-0-for-raccoon-school\/#breadcrumb"},"inLanguage":"ru-RU","potentialAction":[{"@type":"ReadAction","target":["https:\/\/cinevision-media.eu\/pl\/reels-spring-party-3-0-for-raccoon-school\/"]}]},{"@type":"ImageObject","inLanguage":"ru-RU","@id":"https:\/\/cinevision-media.eu\/pl\/reels-spring-party-3-0-for-raccoon-school\/#primaryimage","url":"https:\/\/cinevision-media.eu\/wp-content\/uploads\/2024\/07\/photo_2024-07-12_20-24-45-582x1024.webp","contentUrl":"https:\/\/cinevision-media.eu\/wp-content\/uploads\/2024\/07\/photo_2024-07-12_20-24-45-582x1024.webp"},{"@type":"BreadcrumbList","@id":"https:\/\/cinevision-media.eu\/pl\/reels-spring-party-3-0-for-raccoon-school\/#breadcrumb","itemListElement":[{"@type":"ListItem","position":1,"name":"\u0413\u043b\u0430\u0432\u043d\u0430\u044f \u0441\u0442\u0440\u0430\u043d\u0438\u0446\u0430","item":"https:\/\/cinevision-media.eu\/pl\/"},{"@type":"ListItem","position":2,"name":"Reels Spring Party 3.0 for RACCOON SCHOOL"}]},{"@type":"WebSite","@id":"https:\/\/cinevision-media.eu\/pl\/#website","url":"https:\/\/cinevision-media.eu\/pl\/","name":"cinevision-media","description":"Unikalne fotografie, wideofilmowanie i monta\u017c od CINEVISION MEDIA","publisher":{"@id":"https:\/\/cinevision-media.eu\/pl\/#organization"},"potentialAction":[{"@type":"SearchAction","target":{"@type":"EntryPoint","urlTemplate":"https:\/\/cinevision-media.eu\/pl\/?s={search_term_string}"},"query-input":{"@type":"PropertyValueSpecification","valueRequired":true,"valueName":"search_term_string"}}],"inLanguage":"ru-RU"},{"@type":"Organization","@id":"https:\/\/cinevision-media.eu\/pl\/#organization","name":"CINEVISION MEDIA Matsvei Kanankou","alternateName":"CINEVISION MEDIA","url":"https:\/\/cinevision-media.eu\/pl\/","logo":{"@type":"ImageObject","inLanguage":"ru-RU","@id":"https:\/\/cinevision-media.eu\/pl\/#\/schema\/logo\/image\/","url":"https:\/\/i0.wp.com\/cinevision-media.eu\/wp-content\/uploads\/2024\/02\/cropped-cropped-cropped-cropped-cropped-logo_cinevision-media2.webp?fit=723%2C902&ssl=1","contentUrl":"https:\/\/i0.wp.com\/cinevision-media.eu\/wp-content\/uploads\/2024\/02\/cropped-cropped-cropped-cropped-cropped-logo_cinevision-media2.webp?fit=723%2C902&ssl=1","width":723,"height":902,"caption":"CINEVISION MEDIA Matsvei Kanankou"},"image":{"@id":"https:\/\/cinevision-media.eu\/pl\/#\/schema\/logo\/image\/"}}]}},"_links":{"self":[{"href":"https:\/\/cinevision-media.eu\/ru\/wp-json\/wp\/v2\/pages\/1193","targetHints":{"allow":["GET"]}}],"collection":[{"href":"https:\/\/cinevision-media.eu\/ru\/wp-json\/wp\/v2\/pages"}],"about":[{"href":"https:\/\/cinevision-media.eu\/ru\/wp-json\/wp\/v2\/types\/page"}],"author":[{"embeddable":true,"href":"https:\/\/cinevision-media.eu\/ru\/wp-json\/wp\/v2\/users\/1"}],"replies":[{"embeddable":true,"href":"https:\/\/cinevision-media.eu\/ru\/wp-json\/wp\/v2\/comments?post=1193"}],"version-history":[{"count":20,"href":"https:\/\/cinevision-media.eu\/ru\/wp-json\/wp\/v2\/pages\/1193\/revisions"}],"predecessor-version":[{"id":2746,"href":"https:\/\/cinevision-media.eu\/ru\/wp-json\/wp\/v2\/pages\/1193\/revisions\/2746"}],"wp:attachment":[{"href":"https:\/\/cinevision-media.eu\/ru\/wp-json\/wp\/v2\/media?parent=1193"}],"curies":[{"name":"wp","href":"https:\/\/api.w.org\/{rel}","templated":true}]}}