{"id":765,"date":"2024-04-28T19:08:36","date_gmt":"2024-04-28T17:08:36","guid":{"rendered":"https:\/\/cinevision-media.eu\/?page_id=765"},"modified":"2025-03-30T10:03:40","modified_gmt":"2025-03-30T08:03:40","slug":"the_way_i_are","status":"publish","type":"page","link":"https:\/\/cinevision-media.eu\/en\/the_way_i_are\/","title":{"rendered":"THE_WAY_I_ARE"},"content":{"rendered":"\t\t<div data-elementor-type=\"wp-page\" data-elementor-id=\"765\" class=\"elementor elementor-765\">\n\t\t\t\t<div class=\"elementor-element elementor-element-059271a e-flex e-con-boxed e-con e-parent\" data-id=\"059271a\" data-element_type=\"container\" data-e-type=\"container\">\n\t\t\t\t\t<div class=\"e-con-inner\">\n\t\t\t\t<div class=\"elementor-element elementor-element-904af74 elementor-widget elementor-widget-video\" data-id=\"904af74\" data-element_type=\"widget\" data-e-type=\"widget\" data-settings=\"{&quot;youtube_url&quot;:&quot;https:\\\/\\\/youtu.be\\\/N2760iXl2yQ?si=__s-jJBkKDoJ_Alt&quot;,&quot;autoplay&quot;:&quot;yes&quot;,&quot;play_on_mobile&quot;:&quot;yes&quot;,&quot;loop&quot;:&quot;yes&quot;,&quot;video_type&quot;:&quot;youtube&quot;,&quot;controls&quot;:&quot;yes&quot;}\" data-widget_type=\"video.default\">\n\t\t\t\t<div class=\"elementor-widget-container\">\n\t\t\t\t\t\t\t<div class=\"elementor-wrapper elementor-open-inline\">\n\t\t\t<div class=\"elementor-video\"><\/div>\t\t<\/div>\n\t\t\t\t\t\t<\/div>\n\t\t\t\t<\/div>\n\t\t\t\t\t<\/div>\n\t\t\t\t<\/div>\n\t\t<div class=\"elementor-element elementor-element-5588e69 e-flex e-con-boxed e-con e-parent\" data-id=\"5588e69\" data-element_type=\"container\" data-e-type=\"container\">\n\t\t\t\t\t<div class=\"e-con-inner\">\n\t\t<div class=\"elementor-element elementor-element-065de47 e-con-full e-flex e-con e-child\" data-id=\"065de47\" data-element_type=\"container\" data-e-type=\"container\">\n\t\t\t\t<div class=\"elementor-element elementor-element-27e572d elementor-widget elementor-widget-image\" data-id=\"27e572d\" data-element_type=\"widget\" data-e-type=\"widget\" data-widget_type=\"image.default\">\n\t\t\t\t<div class=\"elementor-widget-container\">\n\t\t\t\t\t\t\t\t\t\t\t\t\t\t\t<img fetchpriority=\"high\" decoding=\"async\" width=\"1024\" height=\"566\" src=\"https:\/\/i0.wp.com\/cinevision-media.eu\/wp-content\/uploads\/2024\/04\/photo_2024-04-28_20-04-49.webp?fit=1024%2C566&amp;ssl=1\" class=\"attachment-large size-large wp-image-761\" alt=\"\" srcset=\"https:\/\/i0.wp.com\/cinevision-media.eu\/wp-content\/uploads\/2024\/04\/photo_2024-04-28_20-04-49.webp?w=1170&amp;ssl=1 1170w, https:\/\/i0.wp.com\/cinevision-media.eu\/wp-content\/uploads\/2024\/04\/photo_2024-04-28_20-04-49.webp?resize=300%2C166&amp;ssl=1 300w, https:\/\/i0.wp.com\/cinevision-media.eu\/wp-content\/uploads\/2024\/04\/photo_2024-04-28_20-04-49.webp?resize=1024%2C566&amp;ssl=1 1024w, https:\/\/i0.wp.com\/cinevision-media.eu\/wp-content\/uploads\/2024\/04\/photo_2024-04-28_20-04-49.webp?resize=768%2C425&amp;ssl=1 768w\" sizes=\"(max-width: 1024px) 100vw, 1024px\" \/>\t\t\t\t\t\t\t\t\t\t\t\t\t\t\t<\/div>\n\t\t\t\t<\/div>\n\t\t\t\t<\/div>\n\t\t<div class=\"elementor-element elementor-element-ded0791 e-con-full e-flex e-con e-child\" data-id=\"ded0791\" data-element_type=\"container\" data-e-type=\"container\">\n\t\t\t\t<div class=\"elementor-element elementor-element-f05185c elementor-widget elementor-widget-image\" data-id=\"f05185c\" data-element_type=\"widget\" data-e-type=\"widget\" data-widget_type=\"image.default\">\n\t\t\t\t<div class=\"elementor-widget-container\">\n\t\t\t\t\t\t\t\t\t\t\t\t\t\t\t<img decoding=\"async\" width=\"1024\" height=\"563\" src=\"https:\/\/i0.wp.com\/cinevision-media.eu\/wp-content\/uploads\/2024\/04\/photo_2024-04-28_20-04-34.webp?fit=1024%2C563&amp;ssl=1\" class=\"attachment-large size-large wp-image-767\" alt=\"\" srcset=\"https:\/\/i0.wp.com\/cinevision-media.eu\/wp-content\/uploads\/2024\/04\/photo_2024-04-28_20-04-34.webp?w=1170&amp;ssl=1 1170w, https:\/\/i0.wp.com\/cinevision-media.eu\/wp-content\/uploads\/2024\/04\/photo_2024-04-28_20-04-34.webp?resize=300%2C165&amp;ssl=1 300w, https:\/\/i0.wp.com\/cinevision-media.eu\/wp-content\/uploads\/2024\/04\/photo_2024-04-28_20-04-34.webp?resize=1024%2C563&amp;ssl=1 1024w, https:\/\/i0.wp.com\/cinevision-media.eu\/wp-content\/uploads\/2024\/04\/photo_2024-04-28_20-04-34.webp?resize=768%2C422&amp;ssl=1 768w\" sizes=\"(max-width: 1024px) 100vw, 1024px\" \/>\t\t\t\t\t\t\t\t\t\t\t\t\t\t\t<\/div>\n\t\t\t\t<\/div>\n\t\t\t\t<\/div>\n\t\t\t\t\t<\/div>\n\t\t\t\t<\/div>\n\t\t<div class=\"elementor-element elementor-element-27d1253 e-flex e-con-boxed e-con e-parent\" data-id=\"27d1253\" data-element_type=\"container\" data-e-type=\"container\">\n\t\t\t\t\t<div class=\"e-con-inner\">\n\t\t<div class=\"elementor-element elementor-element-faf152b e-con-full e-flex e-con e-child\" data-id=\"faf152b\" data-element_type=\"container\" data-e-type=\"container\">\n\t\t\t\t<div class=\"elementor-element elementor-element-9f423c8 elementor-widget elementor-widget-image\" data-id=\"9f423c8\" data-element_type=\"widget\" data-e-type=\"widget\" data-widget_type=\"image.default\">\n\t\t\t\t<div class=\"elementor-widget-container\">\n\t\t\t\t\t\t\t\t\t\t\t\t\t\t\t<img decoding=\"async\" width=\"1024\" height=\"569\" src=\"https:\/\/i0.wp.com\/cinevision-media.eu\/wp-content\/uploads\/2024\/04\/photo_2024-04-28_20-04-45.webp?fit=1024%2C569&amp;ssl=1\" class=\"attachment-large size-large wp-image-768\" alt=\"\" srcset=\"https:\/\/i0.wp.com\/cinevision-media.eu\/wp-content\/uploads\/2024\/04\/photo_2024-04-28_20-04-45.webp?w=1170&amp;ssl=1 1170w, https:\/\/i0.wp.com\/cinevision-media.eu\/wp-content\/uploads\/2024\/04\/photo_2024-04-28_20-04-45.webp?resize=300%2C167&amp;ssl=1 300w, https:\/\/i0.wp.com\/cinevision-media.eu\/wp-content\/uploads\/2024\/04\/photo_2024-04-28_20-04-45.webp?resize=1024%2C569&amp;ssl=1 1024w, https:\/\/i0.wp.com\/cinevision-media.eu\/wp-content\/uploads\/2024\/04\/photo_2024-04-28_20-04-45.webp?resize=768%2C427&amp;ssl=1 768w\" sizes=\"(max-width: 1024px) 100vw, 1024px\" \/>\t\t\t\t\t\t\t\t\t\t\t\t\t\t\t<\/div>\n\t\t\t\t<\/div>\n\t\t\t\t<\/div>\n\t\t<div class=\"elementor-element elementor-element-d36af96 e-con-full e-flex e-con e-child\" data-id=\"d36af96\" data-element_type=\"container\" data-e-type=\"container\">\n\t\t\t\t<div class=\"elementor-element elementor-element-00d18e9 elementor-widget elementor-widget-image\" data-id=\"00d18e9\" data-element_type=\"widget\" data-e-type=\"widget\" data-widget_type=\"image.default\">\n\t\t\t\t<div class=\"elementor-widget-container\">\n\t\t\t\t\t\t\t\t\t\t\t\t\t\t\t<img loading=\"lazy\" decoding=\"async\" width=\"1024\" height=\"563\" src=\"https:\/\/i0.wp.com\/cinevision-media.eu\/wp-content\/uploads\/2024\/04\/photo_2024-04-28_20-04-53.webp?fit=1024%2C563&amp;ssl=1\" class=\"attachment-large size-large wp-image-769\" alt=\"\" srcset=\"https:\/\/i0.wp.com\/cinevision-media.eu\/wp-content\/uploads\/2024\/04\/photo_2024-04-28_20-04-53.webp?w=1170&amp;ssl=1 1170w, https:\/\/i0.wp.com\/cinevision-media.eu\/wp-content\/uploads\/2024\/04\/photo_2024-04-28_20-04-53.webp?resize=300%2C165&amp;ssl=1 300w, https:\/\/i0.wp.com\/cinevision-media.eu\/wp-content\/uploads\/2024\/04\/photo_2024-04-28_20-04-53.webp?resize=1024%2C563&amp;ssl=1 1024w, https:\/\/i0.wp.com\/cinevision-media.eu\/wp-content\/uploads\/2024\/04\/photo_2024-04-28_20-04-53.webp?resize=768%2C422&amp;ssl=1 768w\" sizes=\"(max-width: 1024px) 100vw, 1024px\" \/>\t\t\t\t\t\t\t\t\t\t\t\t\t\t\t<\/div>\n\t\t\t\t<\/div>\n\t\t\t\t<\/div>\n\t\t\t\t\t<\/div>\n\t\t\t\t<\/div>\n\t\t<div class=\"elementor-element elementor-element-0b1f2fb e-flex e-con-boxed e-con e-parent\" data-id=\"0b1f2fb\" data-element_type=\"container\" data-e-type=\"container\">\n\t\t\t\t\t<div class=\"e-con-inner\">\n\t\t\t\t<div class=\"elementor-element elementor-element-69c85e0 animated-slow elementor-invisible elementor-widget elementor-widget-heading\" data-id=\"69c85e0\" data-element_type=\"widget\" data-e-type=\"widget\" data-settings=\"{&quot;_animation&quot;:&quot;fadeInLeft&quot;,&quot;_animation_delay&quot;:300}\" data-widget_type=\"heading.default\">\n\t\t\t\t<div class=\"elementor-widget-container\">\n\t\t\t\t\t<h2 class=\"elementor-heading-title elementor-size-default\">Director: Makatun Anastasiya<\/h2>\t\t\t\t<\/div>\n\t\t\t\t<\/div>\n\t\t\t\t\t<\/div>\n\t\t\t\t<\/div>\n\t\t<div class=\"elementor-element elementor-element-53998b0 e-flex e-con-boxed e-con e-parent\" data-id=\"53998b0\" data-element_type=\"container\" data-e-type=\"container\">\n\t\t\t\t\t<div class=\"e-con-inner\">\n\t\t\t\t<div class=\"elementor-element elementor-element-5ecedd0 animated-slow elementor-invisible elementor-widget elementor-widget-heading\" data-id=\"5ecedd0\" data-element_type=\"widget\" data-e-type=\"widget\" data-settings=\"{&quot;_animation&quot;:&quot;fadeInRight&quot;,&quot;_animation_delay&quot;:300}\" data-widget_type=\"heading.default\">\n\t\t\t\t<div class=\"elementor-widget-container\">\n\t\t\t\t\t<h2 class=\"elementor-heading-title elementor-size-default\">Cameraman: Matvey Konankov<\/h2>\t\t\t\t<\/div>\n\t\t\t\t<\/div>\n\t\t\t\t\t<\/div>\n\t\t\t\t<\/div>\n\t\t<div class=\"elementor-element elementor-element-a0c85b1 e-flex e-con-boxed e-con e-parent\" data-id=\"a0c85b1\" data-element_type=\"container\" data-e-type=\"container\">\n\t\t\t\t\t<div class=\"e-con-inner\">\n\t\t\t\t<div class=\"elementor-element elementor-element-dea1250 animated-slow elementor-invisible elementor-widget elementor-widget-heading\" data-id=\"dea1250\" data-element_type=\"widget\" data-e-type=\"widget\" data-settings=\"{&quot;_animation&quot;:&quot;fadeInLeft&quot;,&quot;_animation_delay&quot;:300}\" data-widget_type=\"heading.default\">\n\t\t\t\t<div class=\"elementor-widget-container\">\n\t\t\t\t\t<h2 class=\"elementor-heading-title elementor-size-default\">Editor: Makatun Anastasiya<\/h2>\t\t\t\t<\/div>\n\t\t\t\t<\/div>\n\t\t\t\t\t<\/div>\n\t\t\t\t<\/div>\n\t\t<div class=\"elementor-element elementor-element-f81df4e e-flex e-con-boxed e-con e-parent\" data-id=\"f81df4e\" data-element_type=\"container\" data-e-type=\"container\">\n\t\t\t\t\t<div class=\"e-con-inner\">\n\t\t\t\t<div class=\"elementor-element elementor-element-f9aeb71 elementor-align-center elementor-widget elementor-widget-button\" data-id=\"f9aeb71\" data-element_type=\"widget\" data-e-type=\"widget\" data-widget_type=\"button.default\">\n\t\t\t\t<div class=\"elementor-widget-container\">\n\t\t\t\t\t\t\t\t\t<div class=\"elementor-button-wrapper\">\n\t\t\t\t\t<a class=\"elementor-button elementor-button-link elementor-size-sm\" href=\"https:\/\/cinevision-media.eu\/portfolio\/\">\n\t\t\t\t\t\t<span class=\"elementor-button-content-wrapper\">\n\t\t\t\t\t\t\t\t\t<span class=\"elementor-button-text\">back<\/span>\n\t\t\t\t\t<\/span>\n\t\t\t\t\t<\/a>\n\t\t\t\t<\/div>\n\t\t\t\t\t\t\t\t<\/div>\n\t\t\t\t<\/div>\n\t\t\t\t\t<\/div>\n\t\t\t\t<\/div>\n\t\t\t\t<\/div>\n\t\t","protected":false},"excerpt":{"rendered":"<p>Director: Makatun Anastasiya Cameraman: Matvey Konankov Editor: Makatun Anastasiya powr\u00f3t do galerii<\/p>\n","protected":false},"author":1,"featured_media":0,"parent":0,"menu_order":0,"comment_status":"closed","ping_status":"closed","template":"","meta":{"ocean_post_layout":"","ocean_both_sidebars_style":"","ocean_both_sidebars_content_width":0,"ocean_both_sidebars_sidebars_width":0,"ocean_sidebar":"","ocean_second_sidebar":"","ocean_disable_margins":"enable","ocean_add_body_class":"","ocean_shortcode_before_top_bar":"","ocean_shortcode_after_top_bar":"","ocean_shortcode_before_header":"","ocean_shortcode_after_header":"","ocean_has_shortcode":"","ocean_shortcode_after_title":"","ocean_shortcode_before_footer_widgets":"","ocean_shortcode_after_footer_widgets":"","ocean_shortcode_before_footer_bottom":"","ocean_shortcode_after_footer_bottom":"","ocean_display_top_bar":"default","ocean_display_header":"default","ocean_header_style":"","ocean_center_header_left_menu":"","ocean_custom_header_template":"","ocean_custom_logo":0,"ocean_custom_retina_logo":0,"ocean_custom_logo_max_width":0,"ocean_custom_logo_tablet_max_width":0,"ocean_custom_logo_mobile_max_width":0,"ocean_custom_logo_max_height":0,"ocean_custom_logo_tablet_max_height":0,"ocean_custom_logo_mobile_max_height":0,"ocean_header_custom_menu":"","ocean_menu_typo_font_family":"","ocean_menu_typo_font_subset":"","ocean_menu_typo_font_size":0,"ocean_menu_typo_font_size_tablet":0,"ocean_menu_typo_font_size_mobile":0,"ocean_menu_typo_font_size_unit":"px","ocean_menu_typo_font_weight":"","ocean_menu_typo_font_weight_tablet":"","ocean_menu_typo_font_weight_mobile":"","ocean_menu_typo_transform":"","ocean_menu_typo_transform_tablet":"","ocean_menu_typo_transform_mobile":"","ocean_menu_typo_line_height":0,"ocean_menu_typo_line_height_tablet":0,"ocean_menu_typo_line_height_mobile":0,"ocean_menu_typo_line_height_unit":"","ocean_menu_typo_spacing":0,"ocean_menu_typo_spacing_tablet":0,"ocean_menu_typo_spacing_mobile":0,"ocean_menu_typo_spacing_unit":"","ocean_menu_link_color":"","ocean_menu_link_color_hover":"","ocean_menu_link_color_active":"","ocean_menu_link_background":"","ocean_menu_link_hover_background":"","ocean_menu_link_active_background":"","ocean_menu_social_links_bg":"","ocean_menu_social_hover_links_bg":"","ocean_menu_social_links_color":"","ocean_menu_social_hover_links_color":"","ocean_disable_title":"default","ocean_disable_heading":"default","ocean_post_title":"","ocean_post_subheading":"","ocean_post_title_style":"","ocean_post_title_background_color":"","ocean_post_title_background":0,"ocean_post_title_bg_image_position":"","ocean_post_title_bg_image_attachment":"","ocean_post_title_bg_image_repeat":"","ocean_post_title_bg_image_size":"","ocean_post_title_height":0,"ocean_post_title_bg_overlay":0.5,"ocean_post_title_bg_overlay_color":"","ocean_disable_breadcrumbs":"default","ocean_breadcrumbs_color":"","ocean_breadcrumbs_separator_color":"","ocean_breadcrumbs_links_color":"","ocean_breadcrumbs_links_hover_color":"","ocean_display_footer_widgets":"default","ocean_display_footer_bottom":"default","ocean_custom_footer_template":"","footnotes":""},"class_list":["post-765","page","type-page","status-publish","hentry","entry"],"yoast_head":"<!-- This site is optimized with the Yoast SEO plugin v27.5 - https:\/\/yoast.com\/product\/yoast-seo-wordpress\/ -->\n<title>THE_WAY_I_ARE<\/title>\n<meta name=\"description\" content=\"shooting school dance, cool atmosphere, cute girls. we shoot only the best films in good quality and with the best scenery\" \/>\n<meta name=\"robots\" content=\"index, follow, max-snippet:-1, max-image-preview:large, max-video-preview:-1\" \/>\n<link rel=\"canonical\" href=\"https:\/\/cinevision-media.eu\/en\/the_way_i_are\/\" \/>\n<meta property=\"og:locale\" content=\"en_US\" \/>\n<meta property=\"og:locale:alternate\" content=\"pl_PL\" \/>\n<meta property=\"og:locale:alternate\" content=\"ru_RU\" \/>\n<meta property=\"og:type\" content=\"article\" \/>\n<meta property=\"og:title\" content=\"THE_WAY_I_ARE\" \/>\n<meta property=\"og:description\" content=\"strzelanie do szko\u0142y ta\u0144ca, fajna atmosfera, s\u0142odkie dziewczyny. kr\u0119cimy tylko najlepsze filmy w dobrej jako\u015bci i z najlepsz\u0105 scenografi\u0105\" \/>\n<meta property=\"og:url\" content=\"https:\/\/cinevision-media.eu\/en\/the_way_i_are\/\" \/>\n<meta property=\"og:site_name\" content=\"cinevision-media\" \/>\n<meta property=\"article:modified_time\" content=\"2025-03-30T08:03:40+00:00\" \/>\n<meta property=\"og:image\" content=\"https:\/\/cinevision-media.eu\/wp-content\/uploads\/2024\/04\/photo_2024-04-28_20-04-49-1024x566.webp\" \/>\n<meta name=\"twitter:card\" content=\"summary_large_image\" \/>\n<meta name=\"twitter:label1\" content=\"Est. reading time\" \/>\n\t<meta name=\"twitter:data1\" content=\"1 minute\" \/>\n<script type=\"application\/ld+json\" class=\"yoast-schema-graph\">{\"@context\":\"https:\\\/\\\/schema.org\",\"@graph\":[{\"@type\":\"WebPage\",\"@id\":\"https:\\\/\\\/cinevision-media.eu\\\/pl\\\/the_way_i_are\\\/\",\"url\":\"https:\\\/\\\/cinevision-media.eu\\\/pl\\\/the_way_i_are\\\/\",\"name\":\"THE_WAY_I_ARE\",\"isPartOf\":{\"@id\":\"https:\\\/\\\/cinevision-media.eu\\\/pl\\\/#website\"},\"primaryImageOfPage\":{\"@id\":\"https:\\\/\\\/cinevision-media.eu\\\/pl\\\/the_way_i_are\\\/#primaryimage\"},\"image\":{\"@id\":\"https:\\\/\\\/cinevision-media.eu\\\/pl\\\/the_way_i_are\\\/#primaryimage\"},\"thumbnailUrl\":\"https:\\\/\\\/cinevision-media.eu\\\/wp-content\\\/uploads\\\/2024\\\/04\\\/photo_2024-04-28_20-04-49-1024x566.webp\",\"datePublished\":\"2024-04-28T17:08:36+00:00\",\"dateModified\":\"2025-03-30T08:03:40+00:00\",\"description\":\"strzelanie do szko\u0142y ta\u0144ca, fajna atmosfera, s\u0142odkie dziewczyny. kr\u0119cimy tylko najlepsze filmy w dobrej jako\u015bci i z najlepsz\u0105 scenografi\u0105\",\"breadcrumb\":{\"@id\":\"https:\\\/\\\/cinevision-media.eu\\\/pl\\\/the_way_i_are\\\/#breadcrumb\"},\"inLanguage\":\"en-US\",\"potentialAction\":[{\"@type\":\"ReadAction\",\"target\":[\"https:\\\/\\\/cinevision-media.eu\\\/pl\\\/the_way_i_are\\\/\"]}]},{\"@type\":\"ImageObject\",\"inLanguage\":\"en-US\",\"@id\":\"https:\\\/\\\/cinevision-media.eu\\\/pl\\\/the_way_i_are\\\/#primaryimage\",\"url\":\"https:\\\/\\\/cinevision-media.eu\\\/wp-content\\\/uploads\\\/2024\\\/04\\\/photo_2024-04-28_20-04-49-1024x566.webp\",\"contentUrl\":\"https:\\\/\\\/cinevision-media.eu\\\/wp-content\\\/uploads\\\/2024\\\/04\\\/photo_2024-04-28_20-04-49-1024x566.webp\"},{\"@type\":\"BreadcrumbList\",\"@id\":\"https:\\\/\\\/cinevision-media.eu\\\/pl\\\/the_way_i_are\\\/#breadcrumb\",\"itemListElement\":[{\"@type\":\"ListItem\",\"position\":1,\"name\":\"\u0413\u043b\u0430\u0432\u043d\u0430\u044f \u0441\u0442\u0440\u0430\u043d\u0438\u0446\u0430\",\"item\":\"https:\\\/\\\/cinevision-media.eu\\\/pl\\\/\"},{\"@type\":\"ListItem\",\"position\":2,\"name\":\"THE_WAY_I_ARE\"}]},{\"@type\":\"WebSite\",\"@id\":\"https:\\\/\\\/cinevision-media.eu\\\/pl\\\/#website\",\"url\":\"https:\\\/\\\/cinevision-media.eu\\\/pl\\\/\",\"name\":\"cinevision-media\",\"description\":\"Unique Photography, Videography, and Editing by CINEVISION MEDIA\",\"publisher\":{\"@id\":\"https:\\\/\\\/cinevision-media.eu\\\/pl\\\/#organization\"},\"potentialAction\":[{\"@type\":\"SearchAction\",\"target\":{\"@type\":\"EntryPoint\",\"urlTemplate\":\"https:\\\/\\\/cinevision-media.eu\\\/pl\\\/?s={search_term_string}\"},\"query-input\":{\"@type\":\"PropertyValueSpecification\",\"valueRequired\":true,\"valueName\":\"search_term_string\"}}],\"inLanguage\":\"en-US\"},{\"@type\":\"Organization\",\"@id\":\"https:\\\/\\\/cinevision-media.eu\\\/pl\\\/#organization\",\"name\":\"CINEVISION MEDIA Matsvei Kanankou\",\"alternateName\":\"CINEVISION MEDIA\",\"url\":\"https:\\\/\\\/cinevision-media.eu\\\/pl\\\/\",\"logo\":{\"@type\":\"ImageObject\",\"inLanguage\":\"en-US\",\"@id\":\"https:\\\/\\\/cinevision-media.eu\\\/pl\\\/#\\\/schema\\\/logo\\\/image\\\/\",\"url\":\"https:\\\/\\\/i0.wp.com\\\/cinevision-media.eu\\\/wp-content\\\/uploads\\\/2024\\\/02\\\/cropped-cropped-cropped-cropped-logo_cinevision-media2-1.webp?fit=725%2C902&ssl=1\",\"contentUrl\":\"https:\\\/\\\/i0.wp.com\\\/cinevision-media.eu\\\/wp-content\\\/uploads\\\/2024\\\/02\\\/cropped-cropped-cropped-cropped-logo_cinevision-media2-1.webp?fit=725%2C902&ssl=1\",\"width\":725,\"height\":902,\"caption\":\"CINEVISION MEDIA Matsvei Kanankou\"},\"image\":{\"@id\":\"https:\\\/\\\/cinevision-media.eu\\\/pl\\\/#\\\/schema\\\/logo\\\/image\\\/\"}}]}<\/script>\n<!-- \/ Yoast SEO plugin. -->","yoast_head_json":{"title":"THE_WAY_I_ARE","description":"shooting school dance, cool atmosphere, cute girls. we shoot only the best films in good quality and with the best scenery","robots":{"index":"index","follow":"follow","max-snippet":"max-snippet:-1","max-image-preview":"max-image-preview:large","max-video-preview":"max-video-preview:-1"},"canonical":"https:\/\/cinevision-media.eu\/en\/the_way_i_are\/","og_locale":"en_US","og_type":"article","og_title":"[:en]THE_WAY_I_ARE[:pl]THE_WAY_I_ARE[:] | cinevision-media","og_description":"strzelanie do szko\u0142y ta\u0144ca, fajna atmosfera, s\u0142odkie dziewczyny. kr\u0119cimy tylko najlepsze filmy w dobrej jako\u015bci i z najlepsz\u0105 scenografi\u0105","og_url":"https:\/\/cinevision-media.eu\/en\/the_way_i_are\/","og_site_name":"cinevision-media","article_modified_time":"2025-03-30T08:03:40+00:00","og_image":[{"url":"https:\/\/cinevision-media.eu\/wp-content\/uploads\/2024\/04\/photo_2024-04-28_20-04-49-1024x566.webp","type":"","width":"","height":""}],"twitter_card":"summary_large_image","twitter_misc":{"Est. reading time":"1 minute"},"schema":{"@context":"https:\/\/schema.org","@graph":[{"@type":"WebPage","@id":"https:\/\/cinevision-media.eu\/pl\/the_way_i_are\/","url":"https:\/\/cinevision-media.eu\/pl\/the_way_i_are\/","name":"THE_WAY_I_ARE","isPartOf":{"@id":"https:\/\/cinevision-media.eu\/pl\/#website"},"primaryImageOfPage":{"@id":"https:\/\/cinevision-media.eu\/pl\/the_way_i_are\/#primaryimage"},"image":{"@id":"https:\/\/cinevision-media.eu\/pl\/the_way_i_are\/#primaryimage"},"thumbnailUrl":"https:\/\/cinevision-media.eu\/wp-content\/uploads\/2024\/04\/photo_2024-04-28_20-04-49-1024x566.webp","datePublished":"2024-04-28T17:08:36+00:00","dateModified":"2025-03-30T08:03:40+00:00","description":"strzelanie do szko\u0142y ta\u0144ca, fajna atmosfera, s\u0142odkie dziewczyny. kr\u0119cimy tylko najlepsze filmy w dobrej jako\u015bci i z najlepsz\u0105 scenografi\u0105","breadcrumb":{"@id":"https:\/\/cinevision-media.eu\/pl\/the_way_i_are\/#breadcrumb"},"inLanguage":"en-US","potentialAction":[{"@type":"ReadAction","target":["https:\/\/cinevision-media.eu\/pl\/the_way_i_are\/"]}]},{"@type":"ImageObject","inLanguage":"en-US","@id":"https:\/\/cinevision-media.eu\/pl\/the_way_i_are\/#primaryimage","url":"https:\/\/cinevision-media.eu\/wp-content\/uploads\/2024\/04\/photo_2024-04-28_20-04-49-1024x566.webp","contentUrl":"https:\/\/cinevision-media.eu\/wp-content\/uploads\/2024\/04\/photo_2024-04-28_20-04-49-1024x566.webp"},{"@type":"BreadcrumbList","@id":"https:\/\/cinevision-media.eu\/pl\/the_way_i_are\/#breadcrumb","itemListElement":[{"@type":"ListItem","position":1,"name":"\u0413\u043b\u0430\u0432\u043d\u0430\u044f \u0441\u0442\u0440\u0430\u043d\u0438\u0446\u0430","item":"https:\/\/cinevision-media.eu\/pl\/"},{"@type":"ListItem","position":2,"name":"THE_WAY_I_ARE"}]},{"@type":"WebSite","@id":"https:\/\/cinevision-media.eu\/pl\/#website","url":"https:\/\/cinevision-media.eu\/pl\/","name":"cinevision-media","description":"Unique Photography, Videography, and Editing by CINEVISION MEDIA","publisher":{"@id":"https:\/\/cinevision-media.eu\/pl\/#organization"},"potentialAction":[{"@type":"SearchAction","target":{"@type":"EntryPoint","urlTemplate":"https:\/\/cinevision-media.eu\/pl\/?s={search_term_string}"},"query-input":{"@type":"PropertyValueSpecification","valueRequired":true,"valueName":"search_term_string"}}],"inLanguage":"en-US"},{"@type":"Organization","@id":"https:\/\/cinevision-media.eu\/pl\/#organization","name":"CINEVISION MEDIA Matsvei Kanankou","alternateName":"CINEVISION MEDIA","url":"https:\/\/cinevision-media.eu\/pl\/","logo":{"@type":"ImageObject","inLanguage":"en-US","@id":"https:\/\/cinevision-media.eu\/pl\/#\/schema\/logo\/image\/","url":"https:\/\/i0.wp.com\/cinevision-media.eu\/wp-content\/uploads\/2024\/02\/cropped-cropped-cropped-cropped-logo_cinevision-media2-1.webp?fit=725%2C902&ssl=1","contentUrl":"https:\/\/i0.wp.com\/cinevision-media.eu\/wp-content\/uploads\/2024\/02\/cropped-cropped-cropped-cropped-logo_cinevision-media2-1.webp?fit=725%2C902&ssl=1","width":725,"height":902,"caption":"CINEVISION MEDIA Matsvei Kanankou"},"image":{"@id":"https:\/\/cinevision-media.eu\/pl\/#\/schema\/logo\/image\/"}}]}},"_links":{"self":[{"href":"https:\/\/cinevision-media.eu\/en\/wp-json\/wp\/v2\/pages\/765","targetHints":{"allow":["GET"]}}],"collection":[{"href":"https:\/\/cinevision-media.eu\/en\/wp-json\/wp\/v2\/pages"}],"about":[{"href":"https:\/\/cinevision-media.eu\/en\/wp-json\/wp\/v2\/types\/page"}],"author":[{"embeddable":true,"href":"https:\/\/cinevision-media.eu\/en\/wp-json\/wp\/v2\/users\/1"}],"replies":[{"embeddable":true,"href":"https:\/\/cinevision-media.eu\/en\/wp-json\/wp\/v2\/comments?post=765"}],"version-history":[{"count":20,"href":"https:\/\/cinevision-media.eu\/en\/wp-json\/wp\/v2\/pages\/765\/revisions"}],"predecessor-version":[{"id":2737,"href":"https:\/\/cinevision-media.eu\/en\/wp-json\/wp\/v2\/pages\/765\/revisions\/2737"}],"wp:attachment":[{"href":"https:\/\/cinevision-media.eu\/en\/wp-json\/wp\/v2\/media?parent=765"}],"curies":[{"name":"wp","href":"https:\/\/api.w.org\/{rel}","templated":true}]}}