{"id":668,"date":"2024-04-21T14:08:32","date_gmt":"2024-04-21T12:08:32","guid":{"rendered":"https:\/\/cinevision-media.eu\/?page_id=668"},"modified":"2025-03-30T10:02:40","modified_gmt":"2025-03-30T08:02:40","slug":"backstage-for-impreza","status":"publish","type":"page","link":"https:\/\/cinevision-media.eu\/en\/backstage-for-impreza\/","title":{"rendered":"BACKSTAGE_for_\u201cIMPREZA\u201d"},"content":{"rendered":"\t\t<div data-elementor-type=\"wp-page\" data-elementor-id=\"668\" class=\"elementor elementor-668\">\n\t\t\t\t<div class=\"elementor-element elementor-element-b1f4752 e-flex e-con-boxed e-con e-parent\" data-id=\"b1f4752\" data-element_type=\"container\" data-e-type=\"container\">\n\t\t\t\t\t<div class=\"e-con-inner\">\n\t\t\t\t<div class=\"elementor-element elementor-element-f6b357f elementor-widget elementor-widget-video\" data-id=\"f6b357f\" data-element_type=\"widget\" data-e-type=\"widget\" data-settings=\"{&quot;autoplay&quot;:&quot;yes&quot;,&quot;play_on_mobile&quot;:&quot;yes&quot;,&quot;loop&quot;:&quot;yes&quot;,&quot;video_type&quot;:&quot;hosted&quot;,&quot;controls&quot;:&quot;yes&quot;}\" data-widget_type=\"video.default\">\n\t\t\t\t<div class=\"elementor-widget-container\">\n\t\t\t\t\t\t\t<div class=\"e-hosted-video elementor-wrapper elementor-open-inline\">\n\t\t\t\t\t<video class=\"elementor-video\" src=\"https:\/\/cinevision-media.eu\/wp-content\/uploads\/2024\/04\/IMPREZA.mov\" autoplay=\"\" loop=\"\" controls=\"\" playsinline=\"\" controlsList=\"nodownload\"><\/video>\n\t\t\t\t<\/div>\n\t\t\t\t\t\t<\/div>\n\t\t\t\t<\/div>\n\t\t\t\t\t<\/div>\n\t\t\t\t<\/div>\n\t\t<div class=\"elementor-element elementor-element-e329e80 e-grid e-con-boxed e-con e-parent\" data-id=\"e329e80\" data-element_type=\"container\" data-e-type=\"container\">\n\t\t\t\t\t<div class=\"e-con-inner\">\n\t\t\t\t<div class=\"elementor-element elementor-element-c94968d elementor-widget elementor-widget-image\" data-id=\"c94968d\" data-element_type=\"widget\" data-e-type=\"widget\" data-widget_type=\"image.default\">\n\t\t\t\t<div class=\"elementor-widget-container\">\n\t\t\t\t\t\t\t\t\t\t\t\t\t\t\t<img fetchpriority=\"high\" decoding=\"async\" width=\"578\" height=\"1024\" src=\"https:\/\/i0.wp.com\/cinevision-media.eu\/wp-content\/uploads\/2024\/04\/photo_2024-04-21_14-08-48.webp?fit=578%2C1024&amp;ssl=1\" class=\"attachment-large size-large wp-image-672\" alt=\"\" srcset=\"https:\/\/i0.wp.com\/cinevision-media.eu\/wp-content\/uploads\/2024\/04\/photo_2024-04-21_14-08-48.webp?w=722&amp;ssl=1 722w, https:\/\/i0.wp.com\/cinevision-media.eu\/wp-content\/uploads\/2024\/04\/photo_2024-04-21_14-08-48.webp?resize=169%2C300&amp;ssl=1 169w, https:\/\/i0.wp.com\/cinevision-media.eu\/wp-content\/uploads\/2024\/04\/photo_2024-04-21_14-08-48.webp?resize=578%2C1024&amp;ssl=1 578w\" sizes=\"(max-width: 578px) 100vw, 578px\" \/>\t\t\t\t\t\t\t\t\t\t\t\t\t\t\t<\/div>\n\t\t\t\t<\/div>\n\t\t\t\t<div class=\"elementor-element elementor-element-2a84650 elementor-widget elementor-widget-image\" data-id=\"2a84650\" data-element_type=\"widget\" data-e-type=\"widget\" data-widget_type=\"image.default\">\n\t\t\t\t<div class=\"elementor-widget-container\">\n\t\t\t\t\t\t\t\t\t\t\t\t\t\t\t<img decoding=\"async\" width=\"586\" height=\"1024\" src=\"https:\/\/i0.wp.com\/cinevision-media.eu\/wp-content\/uploads\/2024\/04\/photo_2024-04-21_14-09-13.webp?fit=586%2C1024&amp;ssl=1\" class=\"attachment-large size-large wp-image-673\" alt=\"\" srcset=\"https:\/\/i0.wp.com\/cinevision-media.eu\/wp-content\/uploads\/2024\/04\/photo_2024-04-21_14-09-13.webp?w=732&amp;ssl=1 732w, https:\/\/i0.wp.com\/cinevision-media.eu\/wp-content\/uploads\/2024\/04\/photo_2024-04-21_14-09-13.webp?resize=172%2C300&amp;ssl=1 172w, https:\/\/i0.wp.com\/cinevision-media.eu\/wp-content\/uploads\/2024\/04\/photo_2024-04-21_14-09-13.webp?resize=586%2C1024&amp;ssl=1 586w\" sizes=\"(max-width: 586px) 100vw, 586px\" \/>\t\t\t\t\t\t\t\t\t\t\t\t\t\t\t<\/div>\n\t\t\t\t<\/div>\n\t\t\t\t<div class=\"elementor-element elementor-element-e431b47 elementor-widget elementor-widget-image\" data-id=\"e431b47\" data-element_type=\"widget\" data-e-type=\"widget\" data-widget_type=\"image.default\">\n\t\t\t\t<div class=\"elementor-widget-container\">\n\t\t\t\t\t\t\t\t\t\t\t\t\t\t\t<img decoding=\"async\" width=\"585\" height=\"1024\" src=\"https:\/\/i0.wp.com\/cinevision-media.eu\/wp-content\/uploads\/2024\/04\/photo_2024-04-21_14-09-19.webp?fit=585%2C1024&amp;ssl=1\" class=\"attachment-large size-large wp-image-674\" alt=\"\" srcset=\"https:\/\/i0.wp.com\/cinevision-media.eu\/wp-content\/uploads\/2024\/04\/photo_2024-04-21_14-09-19.webp?w=731&amp;ssl=1 731w, https:\/\/i0.wp.com\/cinevision-media.eu\/wp-content\/uploads\/2024\/04\/photo_2024-04-21_14-09-19.webp?resize=171%2C300&amp;ssl=1 171w, https:\/\/i0.wp.com\/cinevision-media.eu\/wp-content\/uploads\/2024\/04\/photo_2024-04-21_14-09-19.webp?resize=585%2C1024&amp;ssl=1 585w\" sizes=\"(max-width: 585px) 100vw, 585px\" \/>\t\t\t\t\t\t\t\t\t\t\t\t\t\t\t<\/div>\n\t\t\t\t<\/div>\n\t\t\t\t\t<\/div>\n\t\t\t\t<\/div>\n\t\t<div class=\"elementor-element elementor-element-fc4f611 e-grid e-con-boxed e-con e-parent\" data-id=\"fc4f611\" data-element_type=\"container\" data-e-type=\"container\">\n\t\t\t\t\t<div class=\"e-con-inner\">\n\t\t\t\t<div class=\"elementor-element elementor-element-a1ef166 elementor-widget elementor-widget-image\" data-id=\"a1ef166\" data-element_type=\"widget\" data-e-type=\"widget\" data-widget_type=\"image.default\">\n\t\t\t\t<div class=\"elementor-widget-container\">\n\t\t\t\t\t\t\t\t\t\t\t\t\t\t\t<img loading=\"lazy\" decoding=\"async\" width=\"589\" height=\"1024\" src=\"https:\/\/i0.wp.com\/cinevision-media.eu\/wp-content\/uploads\/2024\/04\/photo_2024-04-21_14-09-23.webp?fit=589%2C1024&amp;ssl=1\" class=\"attachment-large size-large wp-image-675\" alt=\"\" srcset=\"https:\/\/i0.wp.com\/cinevision-media.eu\/wp-content\/uploads\/2024\/04\/photo_2024-04-21_14-09-23.webp?w=736&amp;ssl=1 736w, https:\/\/i0.wp.com\/cinevision-media.eu\/wp-content\/uploads\/2024\/04\/photo_2024-04-21_14-09-23.webp?resize=173%2C300&amp;ssl=1 173w, https:\/\/i0.wp.com\/cinevision-media.eu\/wp-content\/uploads\/2024\/04\/photo_2024-04-21_14-09-23.webp?resize=589%2C1024&amp;ssl=1 589w\" sizes=\"(max-width: 589px) 100vw, 589px\" \/>\t\t\t\t\t\t\t\t\t\t\t\t\t\t\t<\/div>\n\t\t\t\t<\/div>\n\t\t\t\t<div class=\"elementor-element elementor-element-c76ec73 elementor-widget elementor-widget-image\" data-id=\"c76ec73\" data-element_type=\"widget\" data-e-type=\"widget\" data-widget_type=\"image.default\">\n\t\t\t\t<div class=\"elementor-widget-container\">\n\t\t\t\t\t\t\t\t\t\t\t\t\t\t\t<img loading=\"lazy\" decoding=\"async\" width=\"590\" height=\"1024\" src=\"https:\/\/i0.wp.com\/cinevision-media.eu\/wp-content\/uploads\/2024\/04\/photo_2024-04-21_14-09-27.webp?fit=590%2C1024&amp;ssl=1\" class=\"attachment-large size-large wp-image-676\" alt=\"\" srcset=\"https:\/\/i0.wp.com\/cinevision-media.eu\/wp-content\/uploads\/2024\/04\/photo_2024-04-21_14-09-27.webp?w=737&amp;ssl=1 737w, https:\/\/i0.wp.com\/cinevision-media.eu\/wp-content\/uploads\/2024\/04\/photo_2024-04-21_14-09-27.webp?resize=173%2C300&amp;ssl=1 173w, https:\/\/i0.wp.com\/cinevision-media.eu\/wp-content\/uploads\/2024\/04\/photo_2024-04-21_14-09-27.webp?resize=590%2C1024&amp;ssl=1 590w\" sizes=\"(max-width: 590px) 100vw, 590px\" \/>\t\t\t\t\t\t\t\t\t\t\t\t\t\t\t<\/div>\n\t\t\t\t<\/div>\n\t\t\t\t<div class=\"elementor-element elementor-element-8b71c3d elementor-widget elementor-widget-image\" data-id=\"8b71c3d\" data-element_type=\"widget\" data-e-type=\"widget\" data-widget_type=\"image.default\">\n\t\t\t\t<div class=\"elementor-widget-container\">\n\t\t\t\t\t\t\t\t\t\t\t\t\t\t\t<img loading=\"lazy\" decoding=\"async\" width=\"596\" height=\"1024\" src=\"https:\/\/i0.wp.com\/cinevision-media.eu\/wp-content\/uploads\/2024\/04\/photo_2024-04-21_14-09-31.webp?fit=596%2C1024&amp;ssl=1\" class=\"attachment-large size-large wp-image-677\" alt=\"\" srcset=\"https:\/\/i0.wp.com\/cinevision-media.eu\/wp-content\/uploads\/2024\/04\/photo_2024-04-21_14-09-31.webp?w=745&amp;ssl=1 745w, https:\/\/i0.wp.com\/cinevision-media.eu\/wp-content\/uploads\/2024\/04\/photo_2024-04-21_14-09-31.webp?resize=175%2C300&amp;ssl=1 175w, https:\/\/i0.wp.com\/cinevision-media.eu\/wp-content\/uploads\/2024\/04\/photo_2024-04-21_14-09-31.webp?resize=596%2C1024&amp;ssl=1 596w\" sizes=\"(max-width: 596px) 100vw, 596px\" \/>\t\t\t\t\t\t\t\t\t\t\t\t\t\t\t<\/div>\n\t\t\t\t<\/div>\n\t\t\t\t\t<\/div>\n\t\t\t\t<\/div>\n\t\t<div class=\"elementor-element elementor-element-9c56b64 e-flex e-con-boxed e-con e-parent\" data-id=\"9c56b64\" data-element_type=\"container\" data-e-type=\"container\">\n\t\t\t\t\t<div class=\"e-con-inner\">\n\t\t\t\t<div class=\"elementor-element elementor-element-9388a39 elementor-align-center elementor-widget elementor-widget-button\" data-id=\"9388a39\" data-element_type=\"widget\" data-e-type=\"widget\" data-widget_type=\"button.default\">\n\t\t\t\t<div class=\"elementor-widget-container\">\n\t\t\t\t\t\t\t\t\t<div class=\"elementor-button-wrapper\">\n\t\t\t\t\t<a class=\"elementor-button elementor-button-link elementor-size-sm\" href=\"https:\/\/cinevision-media.eu\/portfolio\/\">\n\t\t\t\t\t\t<span class=\"elementor-button-content-wrapper\">\n\t\t\t\t\t\t\t\t\t<span class=\"elementor-button-text\">back<\/span>\n\t\t\t\t\t<\/span>\n\t\t\t\t\t<\/a>\n\t\t\t\t<\/div>\n\t\t\t\t\t\t\t\t<\/div>\n\t\t\t\t<\/div>\n\t\t\t\t\t<\/div>\n\t\t\t\t<\/div>\n\t\t\t\t<\/div>\n\t\t","protected":false},"excerpt":{"rendered":"<p>https:\/\/cinevision-media.eu\/wp-content\/uploads\/2024\/04\/IMPREZA.mov<\/p>\n","protected":false},"author":1,"featured_media":0,"parent":0,"menu_order":0,"comment_status":"closed","ping_status":"closed","template":"","meta":{"ocean_post_layout":"","ocean_both_sidebars_style":"","ocean_both_sidebars_content_width":0,"ocean_both_sidebars_sidebars_width":0,"ocean_sidebar":"","ocean_second_sidebar":"","ocean_disable_margins":"enable","ocean_add_body_class":"","ocean_shortcode_before_top_bar":"","ocean_shortcode_after_top_bar":"","ocean_shortcode_before_header":"","ocean_shortcode_after_header":"","ocean_has_shortcode":"","ocean_shortcode_after_title":"","ocean_shortcode_before_footer_widgets":"","ocean_shortcode_after_footer_widgets":"","ocean_shortcode_before_footer_bottom":"","ocean_shortcode_after_footer_bottom":"","ocean_display_top_bar":"default","ocean_display_header":"default","ocean_header_style":"","ocean_center_header_left_menu":"","ocean_custom_header_template":"","ocean_custom_logo":0,"ocean_custom_retina_logo":0,"ocean_custom_logo_max_width":0,"ocean_custom_logo_tablet_max_width":0,"ocean_custom_logo_mobile_max_width":0,"ocean_custom_logo_max_height":0,"ocean_custom_logo_tablet_max_height":0,"ocean_custom_logo_mobile_max_height":0,"ocean_header_custom_menu":"","ocean_menu_typo_font_family":"","ocean_menu_typo_font_subset":"","ocean_menu_typo_font_size":0,"ocean_menu_typo_font_size_tablet":0,"ocean_menu_typo_font_size_mobile":0,"ocean_menu_typo_font_size_unit":"px","ocean_menu_typo_font_weight":"","ocean_menu_typo_font_weight_tablet":"","ocean_menu_typo_font_weight_mobile":"","ocean_menu_typo_transform":"","ocean_menu_typo_transform_tablet":"","ocean_menu_typo_transform_mobile":"","ocean_menu_typo_line_height":0,"ocean_menu_typo_line_height_tablet":0,"ocean_menu_typo_line_height_mobile":0,"ocean_menu_typo_line_height_unit":"","ocean_menu_typo_spacing":0,"ocean_menu_typo_spacing_tablet":0,"ocean_menu_typo_spacing_mobile":0,"ocean_menu_typo_spacing_unit":"","ocean_menu_link_color":"","ocean_menu_link_color_hover":"","ocean_menu_link_color_active":"","ocean_menu_link_background":"","ocean_menu_link_hover_background":"","ocean_menu_link_active_background":"","ocean_menu_social_links_bg":"","ocean_menu_social_hover_links_bg":"","ocean_menu_social_links_color":"","ocean_menu_social_hover_links_color":"","ocean_disable_title":"default","ocean_disable_heading":"default","ocean_post_title":"","ocean_post_subheading":"","ocean_post_title_style":"","ocean_post_title_background_color":"","ocean_post_title_background":0,"ocean_post_title_bg_image_position":"","ocean_post_title_bg_image_attachment":"","ocean_post_title_bg_image_repeat":"","ocean_post_title_bg_image_size":"","ocean_post_title_height":0,"ocean_post_title_bg_overlay":0.5,"ocean_post_title_bg_overlay_color":"","ocean_disable_breadcrumbs":"default","ocean_breadcrumbs_color":"","ocean_breadcrumbs_separator_color":"","ocean_breadcrumbs_links_color":"","ocean_breadcrumbs_links_hover_color":"","ocean_display_footer_widgets":"default","ocean_display_footer_bottom":"default","ocean_custom_footer_template":"","footnotes":""},"class_list":["post-668","page","type-page","status-publish","hentry","entry"],"yoast_head":"<!-- This site is optimized with the Yoast SEO plugin v27.5 - https:\/\/yoast.com\/product\/yoast-seo-wordpress\/ -->\n<title>BACKSTAGE_for_\u201cIMPREZA\u201d<\/title>\n<meta name=\"description\" content=\"Backstage for event: Professional behind-the-scenes filming of the ad creation process. I show how high-quality video content is created for effective advertising.\" \/>\n<meta name=\"robots\" content=\"index, follow, max-snippet:-1, max-image-preview:large, max-video-preview:-1\" \/>\n<link rel=\"canonical\" href=\"https:\/\/cinevision-media.eu\/en\/backstage-for-impreza\/\" \/>\n<meta property=\"og:locale\" content=\"en_US\" \/>\n<meta property=\"og:locale:alternate\" content=\"pl_PL\" \/>\n<meta property=\"og:locale:alternate\" content=\"ru_RU\" \/>\n<meta property=\"og:type\" content=\"article\" \/>\n<meta property=\"og:title\" content=\"BACKSTAGE_for_\u201cIMPREZA\u201d\" \/>\n<meta property=\"og:description\" content=\"Backstage for Impreza: profesjonalne kr\u0119cenie zakulisowego procesu tworzenia reklamy. Pokazuj\u0119, jak tworzone s\u0105 wysokiej jako\u015bci tre\u015bci wideo w celu skutecznej reklamy.\" \/>\n<meta property=\"og:url\" content=\"https:\/\/cinevision-media.eu\/en\/backstage-for-impreza\/\" \/>\n<meta property=\"og:site_name\" content=\"cinevision-media\" \/>\n<meta property=\"article:modified_time\" content=\"2025-03-30T08:02:40+00:00\" \/>\n<meta property=\"og:image\" content=\"https:\/\/cinevision-media.eu\/wp-content\/uploads\/2024\/04\/photo_2024-04-21_14-08-48-578x1024.webp\" \/>\n<meta name=\"twitter:card\" content=\"summary_large_image\" \/>\n<meta name=\"twitter:label1\" content=\"Est. reading time\" \/>\n\t<meta name=\"twitter:data1\" content=\"2 minutes\" \/>\n<script type=\"application\/ld+json\" class=\"yoast-schema-graph\">{\"@context\":\"https:\\\/\\\/schema.org\",\"@graph\":[{\"@type\":\"WebPage\",\"@id\":\"https:\\\/\\\/cinevision-media.eu\\\/pl\\\/backstage-for-impreza\\\/\",\"url\":\"https:\\\/\\\/cinevision-media.eu\\\/pl\\\/backstage-for-impreza\\\/\",\"name\":\"BACKSTAGE_for_\u201cIMPREZA\u201d\",\"isPartOf\":{\"@id\":\"https:\\\/\\\/cinevision-media.eu\\\/pl\\\/#website\"},\"primaryImageOfPage\":{\"@id\":\"https:\\\/\\\/cinevision-media.eu\\\/pl\\\/backstage-for-impreza\\\/#primaryimage\"},\"image\":{\"@id\":\"https:\\\/\\\/cinevision-media.eu\\\/pl\\\/backstage-for-impreza\\\/#primaryimage\"},\"thumbnailUrl\":\"https:\\\/\\\/cinevision-media.eu\\\/wp-content\\\/uploads\\\/2024\\\/04\\\/photo_2024-04-21_14-08-48-578x1024.webp\",\"datePublished\":\"2024-04-21T12:08:32+00:00\",\"dateModified\":\"2025-03-30T08:02:40+00:00\",\"description\":\"Backstage for Impreza: profesjonalne kr\u0119cenie zakulisowego procesu tworzenia reklamy. Pokazuj\u0119, jak tworzone s\u0105 wysokiej jako\u015bci tre\u015bci wideo w celu skutecznej reklamy.\",\"breadcrumb\":{\"@id\":\"https:\\\/\\\/cinevision-media.eu\\\/pl\\\/backstage-for-impreza\\\/#breadcrumb\"},\"inLanguage\":\"en-US\",\"potentialAction\":[{\"@type\":\"ReadAction\",\"target\":[\"https:\\\/\\\/cinevision-media.eu\\\/pl\\\/backstage-for-impreza\\\/\"]}]},{\"@type\":\"ImageObject\",\"inLanguage\":\"en-US\",\"@id\":\"https:\\\/\\\/cinevision-media.eu\\\/pl\\\/backstage-for-impreza\\\/#primaryimage\",\"url\":\"https:\\\/\\\/cinevision-media.eu\\\/wp-content\\\/uploads\\\/2024\\\/04\\\/photo_2024-04-21_14-08-48-578x1024.webp\",\"contentUrl\":\"https:\\\/\\\/cinevision-media.eu\\\/wp-content\\\/uploads\\\/2024\\\/04\\\/photo_2024-04-21_14-08-48-578x1024.webp\"},{\"@type\":\"BreadcrumbList\",\"@id\":\"https:\\\/\\\/cinevision-media.eu\\\/pl\\\/backstage-for-impreza\\\/#breadcrumb\",\"itemListElement\":[{\"@type\":\"ListItem\",\"position\":1,\"name\":\"\u0413\u043b\u0430\u0432\u043d\u0430\u044f \u0441\u0442\u0440\u0430\u043d\u0438\u0446\u0430\",\"item\":\"https:\\\/\\\/cinevision-media.eu\\\/pl\\\/\"},{\"@type\":\"ListItem\",\"position\":2,\"name\":\"BACKSTAGE_for_\u201cIMPREZA\u201d\"}]},{\"@type\":\"WebSite\",\"@id\":\"https:\\\/\\\/cinevision-media.eu\\\/pl\\\/#website\",\"url\":\"https:\\\/\\\/cinevision-media.eu\\\/pl\\\/\",\"name\":\"cinevision-media\",\"description\":\"Unique Photography, Videography, and Editing by CINEVISION MEDIA\",\"publisher\":{\"@id\":\"https:\\\/\\\/cinevision-media.eu\\\/pl\\\/#organization\"},\"potentialAction\":[{\"@type\":\"SearchAction\",\"target\":{\"@type\":\"EntryPoint\",\"urlTemplate\":\"https:\\\/\\\/cinevision-media.eu\\\/pl\\\/?s={search_term_string}\"},\"query-input\":{\"@type\":\"PropertyValueSpecification\",\"valueRequired\":true,\"valueName\":\"search_term_string\"}}],\"inLanguage\":\"en-US\"},{\"@type\":\"Organization\",\"@id\":\"https:\\\/\\\/cinevision-media.eu\\\/pl\\\/#organization\",\"name\":\"CINEVISION MEDIA Matsvei Kanankou\",\"alternateName\":\"CINEVISION MEDIA\",\"url\":\"https:\\\/\\\/cinevision-media.eu\\\/pl\\\/\",\"logo\":{\"@type\":\"ImageObject\",\"inLanguage\":\"en-US\",\"@id\":\"https:\\\/\\\/cinevision-media.eu\\\/pl\\\/#\\\/schema\\\/logo\\\/image\\\/\",\"url\":\"https:\\\/\\\/i0.wp.com\\\/cinevision-media.eu\\\/wp-content\\\/uploads\\\/2024\\\/02\\\/cropped-cropped-cropped-cropped-logo_cinevision-media2-1.webp?fit=725%2C902&ssl=1\",\"contentUrl\":\"https:\\\/\\\/i0.wp.com\\\/cinevision-media.eu\\\/wp-content\\\/uploads\\\/2024\\\/02\\\/cropped-cropped-cropped-cropped-logo_cinevision-media2-1.webp?fit=725%2C902&ssl=1\",\"width\":725,\"height\":902,\"caption\":\"CINEVISION MEDIA Matsvei Kanankou\"},\"image\":{\"@id\":\"https:\\\/\\\/cinevision-media.eu\\\/pl\\\/#\\\/schema\\\/logo\\\/image\\\/\"}}]}<\/script>\n<!-- \/ Yoast SEO plugin. -->","yoast_head_json":{"title":"BACKSTAGE_for_\u201cIMPREZA\u201d","description":"Backstage for event: Professional behind-the-scenes filming of the ad creation process. I show how high-quality video content is created for effective advertising.","robots":{"index":"index","follow":"follow","max-snippet":"max-snippet:-1","max-image-preview":"max-image-preview:large","max-video-preview":"max-video-preview:-1"},"canonical":"https:\/\/cinevision-media.eu\/en\/backstage-for-impreza\/","og_locale":"en_US","og_type":"article","og_title":"[:pl]BACKSTAGE_for_\u201cIMPREZA\u201d[:] | cinevision-media","og_description":"Backstage for Impreza: profesjonalne kr\u0119cenie zakulisowego procesu tworzenia reklamy. Pokazuj\u0119, jak tworzone s\u0105 wysokiej jako\u015bci tre\u015bci wideo w celu skutecznej reklamy.","og_url":"https:\/\/cinevision-media.eu\/en\/backstage-for-impreza\/","og_site_name":"cinevision-media","article_modified_time":"2025-03-30T08:02:40+00:00","og_image":[{"url":"https:\/\/cinevision-media.eu\/wp-content\/uploads\/2024\/04\/photo_2024-04-21_14-08-48-578x1024.webp","type":"","width":"","height":""}],"twitter_card":"summary_large_image","twitter_misc":{"Est. reading time":"2 minutes"},"schema":{"@context":"https:\/\/schema.org","@graph":[{"@type":"WebPage","@id":"https:\/\/cinevision-media.eu\/pl\/backstage-for-impreza\/","url":"https:\/\/cinevision-media.eu\/pl\/backstage-for-impreza\/","name":"BACKSTAGE_for_\u201cIMPREZA\u201d","isPartOf":{"@id":"https:\/\/cinevision-media.eu\/pl\/#website"},"primaryImageOfPage":{"@id":"https:\/\/cinevision-media.eu\/pl\/backstage-for-impreza\/#primaryimage"},"image":{"@id":"https:\/\/cinevision-media.eu\/pl\/backstage-for-impreza\/#primaryimage"},"thumbnailUrl":"https:\/\/cinevision-media.eu\/wp-content\/uploads\/2024\/04\/photo_2024-04-21_14-08-48-578x1024.webp","datePublished":"2024-04-21T12:08:32+00:00","dateModified":"2025-03-30T08:02:40+00:00","description":"Backstage for Impreza: profesjonalne kr\u0119cenie zakulisowego procesu tworzenia reklamy. Pokazuj\u0119, jak tworzone s\u0105 wysokiej jako\u015bci tre\u015bci wideo w celu skutecznej reklamy.","breadcrumb":{"@id":"https:\/\/cinevision-media.eu\/pl\/backstage-for-impreza\/#breadcrumb"},"inLanguage":"en-US","potentialAction":[{"@type":"ReadAction","target":["https:\/\/cinevision-media.eu\/pl\/backstage-for-impreza\/"]}]},{"@type":"ImageObject","inLanguage":"en-US","@id":"https:\/\/cinevision-media.eu\/pl\/backstage-for-impreza\/#primaryimage","url":"https:\/\/cinevision-media.eu\/wp-content\/uploads\/2024\/04\/photo_2024-04-21_14-08-48-578x1024.webp","contentUrl":"https:\/\/cinevision-media.eu\/wp-content\/uploads\/2024\/04\/photo_2024-04-21_14-08-48-578x1024.webp"},{"@type":"BreadcrumbList","@id":"https:\/\/cinevision-media.eu\/pl\/backstage-for-impreza\/#breadcrumb","itemListElement":[{"@type":"ListItem","position":1,"name":"\u0413\u043b\u0430\u0432\u043d\u0430\u044f \u0441\u0442\u0440\u0430\u043d\u0438\u0446\u0430","item":"https:\/\/cinevision-media.eu\/pl\/"},{"@type":"ListItem","position":2,"name":"BACKSTAGE_for_\u201cIMPREZA\u201d"}]},{"@type":"WebSite","@id":"https:\/\/cinevision-media.eu\/pl\/#website","url":"https:\/\/cinevision-media.eu\/pl\/","name":"cinevision-media","description":"Unique Photography, Videography, and Editing by CINEVISION MEDIA","publisher":{"@id":"https:\/\/cinevision-media.eu\/pl\/#organization"},"potentialAction":[{"@type":"SearchAction","target":{"@type":"EntryPoint","urlTemplate":"https:\/\/cinevision-media.eu\/pl\/?s={search_term_string}"},"query-input":{"@type":"PropertyValueSpecification","valueRequired":true,"valueName":"search_term_string"}}],"inLanguage":"en-US"},{"@type":"Organization","@id":"https:\/\/cinevision-media.eu\/pl\/#organization","name":"CINEVISION MEDIA Matsvei Kanankou","alternateName":"CINEVISION MEDIA","url":"https:\/\/cinevision-media.eu\/pl\/","logo":{"@type":"ImageObject","inLanguage":"en-US","@id":"https:\/\/cinevision-media.eu\/pl\/#\/schema\/logo\/image\/","url":"https:\/\/i0.wp.com\/cinevision-media.eu\/wp-content\/uploads\/2024\/02\/cropped-cropped-cropped-cropped-logo_cinevision-media2-1.webp?fit=725%2C902&ssl=1","contentUrl":"https:\/\/i0.wp.com\/cinevision-media.eu\/wp-content\/uploads\/2024\/02\/cropped-cropped-cropped-cropped-logo_cinevision-media2-1.webp?fit=725%2C902&ssl=1","width":725,"height":902,"caption":"CINEVISION MEDIA Matsvei Kanankou"},"image":{"@id":"https:\/\/cinevision-media.eu\/pl\/#\/schema\/logo\/image\/"}}]}},"_links":{"self":[{"href":"https:\/\/cinevision-media.eu\/en\/wp-json\/wp\/v2\/pages\/668","targetHints":{"allow":["GET"]}}],"collection":[{"href":"https:\/\/cinevision-media.eu\/en\/wp-json\/wp\/v2\/pages"}],"about":[{"href":"https:\/\/cinevision-media.eu\/en\/wp-json\/wp\/v2\/types\/page"}],"author":[{"embeddable":true,"href":"https:\/\/cinevision-media.eu\/en\/wp-json\/wp\/v2\/users\/1"}],"replies":[{"embeddable":true,"href":"https:\/\/cinevision-media.eu\/en\/wp-json\/wp\/v2\/comments?post=668"}],"version-history":[{"count":20,"href":"https:\/\/cinevision-media.eu\/en\/wp-json\/wp\/v2\/pages\/668\/revisions"}],"predecessor-version":[{"id":2731,"href":"https:\/\/cinevision-media.eu\/en\/wp-json\/wp\/v2\/pages\/668\/revisions\/2731"}],"wp:attachment":[{"href":"https:\/\/cinevision-media.eu\/en\/wp-json\/wp\/v2\/media?parent=668"}],"curies":[{"name":"wp","href":"https:\/\/api.w.org\/{rel}","templated":true}]}}